{"id":179,"date":"2014-03-11T15:50:56","date_gmt":"2014-03-11T14:50:56","guid":{"rendered":"http:\/\/www.virserumsvandrarhem.se\/?page_id=179"},"modified":"2014-03-11T15:50:56","modified_gmt":"2014-03-11T14:50:56","slug":"virserums-markt","status":"publish","type":"page","link":"https:\/\/virserumsvandrarhem.se\/de\/erleben-sie-virserum\/virserums-markt\/","title":{"rendered":"Virserums Markt"},"content":{"rendered":"<section  class='av_textblock_section av-av_textblock-aaf3a53f7e22769a7798f31e42769683 '   itemscope=\"itemscope\" itemtype=\"https:\/\/schema.org\/CreativeWork\" ><div class='avia_textblock'  itemprop=\"text\" ><p>Jedes Jahr Anfang August ist es Zeit f\u00fcr Virserums Markt \u2013 einer der gr\u00f6ssten M\u00e4rkte in S\u00fcd-Schweden! Der Markt hat sich zu einem 3-Tage-Volksfest entwickelt mit K\u00fcnstlern, Marktfahrern, Freizeitpark, Nostalgiezug auf der Schmalspurstrecke und vielen anderen Arten von Aktivit\u00e4ten. Perfekt f\u00fcr die ganze Familie!<br \/>\nDer diesj\u00e4hrige Markt findet am 1. \u2013 2. August 2014 statt.<\/p>\n<\/div><\/section>\n<div  class='flex_column av-av_one_half-2a9015ff38129c418a3f2eafba3e9512 av_one_half  avia-builder-el-1  el_after_av_textblock  el_before_av_one_half  first flex_column_div  column-top-margin'     ><div  class='avia-icon-list-container av-av_iconlist-e4a0ebdf966f1bea8883e87bb95dffd6  avia-builder-el-2  avia-builder-el-no-sibling '><ul class='avia-icon-list avia_animate_when_almost_visible avia-icon-list-left av-iconlist-big av-av_iconlist-e4a0ebdf966f1bea8883e87bb95dffd6 avia-iconlist-animate'>\n<li><div class='iconlist_icon av-av_iconlist_item-cd791f18b5ca9e77af9071567e252f53 avia-font-'><span class='iconlist-char' aria-hidden='true' data-av_icon='' data-av_iconfont='entypo-fontello'><\/span><\/div><article class=\"article-icon-entry \"  itemscope=\"itemscope\" itemtype=\"https:\/\/schema.org\/CreativeWork\" ><div class=\"iconlist_content_wrap\"><header class=\"entry-content-header\"><h4 class='av_iconlist_title iconlist_title  '  itemprop=\"headline\" >Zu finden<\/h4><\/header><div class='iconlist_content '  itemprop=\"text\" ><p><a href=\"http:\/\/maps.google.com\/?q=Bastugatan+10+57080+Virserum\">Bastugatan 10, 570 80, Virserum<\/a><\/p>\n<\/div><\/div><footer class=\"entry-footer\"><\/footer><\/article><div class=\"iconlist-timeline\"><\/div><\/li>\n<li><div class='iconlist_icon av-av_iconlist_item-9455624705aa3a0bcc22eb2bb1ab90cf avia-font-'><span class='iconlist-char' aria-hidden='true' data-av_icon='' data-av_iconfont='entypo-fontello'><\/span><\/div><article class=\"article-icon-entry \"  itemscope=\"itemscope\" itemtype=\"https:\/\/schema.org\/CreativeWork\" ><div class=\"iconlist_content_wrap\"><header class=\"entry-content-header\"><h4 class='av_iconlist_title iconlist_title  '  itemprop=\"headline\" >Reisezeit von uns<\/h4><\/header><div class='iconlist_content '  itemprop=\"text\" ><p>5 Minuten zu Fuss<\/p>\n<\/div><\/div><footer class=\"entry-footer\"><\/footer><\/article><div class=\"iconlist-timeline\"><\/div><\/li>\n<li><div class='iconlist_icon av-av_iconlist_item-84d7593542e5d5d2daae002f5daffe11 avia-font-'><span class='iconlist-char' aria-hidden='true' data-av_icon='' data-av_iconfont='entypo-fontello'><\/span><\/div><article class=\"article-icon-entry \"  itemscope=\"itemscope\" itemtype=\"https:\/\/schema.org\/CreativeWork\" ><div class=\"iconlist_content_wrap\"><header class=\"entry-content-header\"><h4 class='av_iconlist_title iconlist_title  '  itemprop=\"headline\" >Besuchen Sie Ihr Ziel auf der Webseite<\/h4><\/header><div class='iconlist_content '  itemprop=\"text\" ><p><a title=\"Virserums marknad\" href=\"http:\/\/www.virserum.se\/marknaden\">www.virserum.se\/marknaden<\/a><\/p>\n<\/div><\/div><footer class=\"entry-footer\"><\/footer><\/article><div class=\"iconlist-timeline\"><\/div><\/li>\n<\/ul><\/div><\/div><div  class='flex_column av-av_one_half-1c47c10d9dd6b9bc0b68f292c1cf5942 av_one_half  avia-builder-el-3  el_after_av_one_half  avia-builder-el-last  flex_column_div  column-top-margin'     ><\/div><\/p>\n","protected":false},"excerpt":{"rendered":"","protected":false},"author":1,"featured_media":0,"parent":172,"menu_order":0,"comment_status":"open","ping_status":"open","template":"","meta":{"footnotes":""},"yoast_head":"<!-- This site is optimized with the Yoast SEO plugin v18.0 - https:\/\/yoast.com\/wordpress\/plugins\/seo\/ -->\n<title>Virserums Markt - Virserums Vandrarhem<\/title>\n<meta name=\"robots\" content=\"index, follow, max-snippet:-1, max-image-preview:large, max-video-preview:-1\" \/>\n<link rel=\"canonical\" href=\"https:\/\/virserumsvandrarhem.se\/de\/erleben-sie-virserum\/virserums-markt\/\" \/>\n<meta property=\"og:locale\" content=\"de_DE\" \/>\n<meta property=\"og:type\" content=\"article\" \/>\n<meta property=\"og:title\" content=\"Virserums Markt - Virserums Vandrarhem\" \/>\n<meta property=\"og:url\" content=\"https:\/\/virserumsvandrarhem.se\/de\/erleben-sie-virserum\/virserums-markt\/\" \/>\n<meta property=\"og:site_name\" content=\"Virserums Vandrarhem\" \/>\n<meta property=\"article:publisher\" content=\"http:\/\/www.facebook.com\/virserumsvandrarhem\" \/>\n<meta property=\"og:image\" content=\"http:\/\/www.virserumsvandrarhem.se\/wp-content\/uploads\/2014\/04\/IMG_20140503_102801-772x1030.jpg\" \/>\n<meta name=\"twitter:label1\" content=\"Gesch\u00e4tzte Lesezeit\" \/>\n\t<meta name=\"twitter:data1\" content=\"1\u00a0Minute\" \/>\n<script type=\"application\/ld+json\" class=\"yoast-schema-graph\">{\"@context\":\"https:\/\/schema.org\",\"@graph\":[{\"@type\":\"WebSite\",\"@id\":\"https:\/\/virserumsvandrarhem.se\/#website\",\"url\":\"https:\/\/virserumsvandrarhem.se\/\",\"name\":\"Virserums Vandrarhem\",\"description\":\"Ett vandrarhem i hj\u00e4rtat av Sm\u00e5land\",\"potentialAction\":[{\"@type\":\"SearchAction\",\"target\":{\"@type\":\"EntryPoint\",\"urlTemplate\":\"https:\/\/virserumsvandrarhem.se\/?s={search_term_string}\"},\"query-input\":\"required name=search_term_string\"}],\"inLanguage\":\"de\"},{\"@type\":\"WebPage\",\"@id\":\"https:\/\/virserumsvandrarhem.se\/de\/erleben-sie-virserum\/virserums-markt\/#webpage\",\"url\":\"https:\/\/virserumsvandrarhem.se\/de\/erleben-sie-virserum\/virserums-markt\/\",\"name\":\"Virserums Markt - Virserums Vandrarhem\",\"isPartOf\":{\"@id\":\"https:\/\/virserumsvandrarhem.se\/#website\"},\"datePublished\":\"2014-03-11T14:50:56+00:00\",\"dateModified\":\"2014-03-11T14:50:56+00:00\",\"breadcrumb\":{\"@id\":\"https:\/\/virserumsvandrarhem.se\/de\/erleben-sie-virserum\/virserums-markt\/#breadcrumb\"},\"inLanguage\":\"de\",\"potentialAction\":[{\"@type\":\"ReadAction\",\"target\":[\"https:\/\/virserumsvandrarhem.se\/de\/erleben-sie-virserum\/virserums-markt\/\"]}]},{\"@type\":\"BreadcrumbList\",\"@id\":\"https:\/\/virserumsvandrarhem.se\/de\/erleben-sie-virserum\/virserums-markt\/#breadcrumb\",\"itemListElement\":[{\"@type\":\"ListItem\",\"position\":1,\"name\":\"Home\",\"item\":\"https:\/\/virserumsvandrarhem.se\/upplev-virserum\/sample-page\/\"},{\"@type\":\"ListItem\",\"position\":2,\"name\":\"Erleben Sie Virserum\",\"item\":\"https:\/\/virserumsvandrarhem.se\/de\/erleben-sie-virserum\/\"},{\"@type\":\"ListItem\",\"position\":3,\"name\":\"Virserums Markt\"}]}]}<\/script>\n<!-- \/ Yoast SEO plugin. -->","yoast_head_json":{"title":"Virserums Markt - Virserums Vandrarhem","robots":{"index":"index","follow":"follow","max-snippet":"max-snippet:-1","max-image-preview":"max-image-preview:large","max-video-preview":"max-video-preview:-1"},"canonical":"https:\/\/virserumsvandrarhem.se\/de\/erleben-sie-virserum\/virserums-markt\/","og_locale":"de_DE","og_type":"article","og_title":"Virserums Markt - Virserums Vandrarhem","og_url":"https:\/\/virserumsvandrarhem.se\/de\/erleben-sie-virserum\/virserums-markt\/","og_site_name":"Virserums Vandrarhem","article_publisher":"http:\/\/www.facebook.com\/virserumsvandrarhem","og_image":[{"url":"http:\/\/www.virserumsvandrarhem.se\/wp-content\/uploads\/2014\/04\/IMG_20140503_102801-772x1030.jpg"}],"twitter_misc":{"Gesch\u00e4tzte Lesezeit":"1\u00a0Minute"},"schema":{"@context":"https:\/\/schema.org","@graph":[{"@type":"WebSite","@id":"https:\/\/virserumsvandrarhem.se\/#website","url":"https:\/\/virserumsvandrarhem.se\/","name":"Virserums Vandrarhem","description":"Ett vandrarhem i hj\u00e4rtat av Sm\u00e5land","potentialAction":[{"@type":"SearchAction","target":{"@type":"EntryPoint","urlTemplate":"https:\/\/virserumsvandrarhem.se\/?s={search_term_string}"},"query-input":"required name=search_term_string"}],"inLanguage":"de"},{"@type":"WebPage","@id":"https:\/\/virserumsvandrarhem.se\/de\/erleben-sie-virserum\/virserums-markt\/#webpage","url":"https:\/\/virserumsvandrarhem.se\/de\/erleben-sie-virserum\/virserums-markt\/","name":"Virserums Markt - Virserums Vandrarhem","isPartOf":{"@id":"https:\/\/virserumsvandrarhem.se\/#website"},"datePublished":"2014-03-11T14:50:56+00:00","dateModified":"2014-03-11T14:50:56+00:00","breadcrumb":{"@id":"https:\/\/virserumsvandrarhem.se\/de\/erleben-sie-virserum\/virserums-markt\/#breadcrumb"},"inLanguage":"de","potentialAction":[{"@type":"ReadAction","target":["https:\/\/virserumsvandrarhem.se\/de\/erleben-sie-virserum\/virserums-markt\/"]}]},{"@type":"BreadcrumbList","@id":"https:\/\/virserumsvandrarhem.se\/de\/erleben-sie-virserum\/virserums-markt\/#breadcrumb","itemListElement":[{"@type":"ListItem","position":1,"name":"Home","item":"https:\/\/virserumsvandrarhem.se\/upplev-virserum\/sample-page\/"},{"@type":"ListItem","position":2,"name":"Erleben Sie Virserum","item":"https:\/\/virserumsvandrarhem.se\/de\/erleben-sie-virserum\/"},{"@type":"ListItem","position":3,"name":"Virserums Markt"}]}]}},"_links":{"self":[{"href":"https:\/\/virserumsvandrarhem.se\/de\/wp-json\/wp\/v2\/pages\/179"}],"collection":[{"href":"https:\/\/virserumsvandrarhem.se\/de\/wp-json\/wp\/v2\/pages"}],"about":[{"href":"https:\/\/virserumsvandrarhem.se\/de\/wp-json\/wp\/v2\/types\/page"}],"author":[{"embeddable":true,"href":"https:\/\/virserumsvandrarhem.se\/de\/wp-json\/wp\/v2\/users\/1"}],"replies":[{"embeddable":true,"href":"https:\/\/virserumsvandrarhem.se\/de\/wp-json\/wp\/v2\/comments?post=179"}],"version-history":[{"count":1,"href":"https:\/\/virserumsvandrarhem.se\/de\/wp-json\/wp\/v2\/pages\/179\/revisions"}],"predecessor-version":[{"id":180,"href":"https:\/\/virserumsvandrarhem.se\/de\/wp-json\/wp\/v2\/pages\/179\/revisions\/180"}],"up":[{"embeddable":true,"href":"https:\/\/virserumsvandrarhem.se\/de\/wp-json\/wp\/v2\/pages\/172"}],"wp:attachment":[{"href":"https:\/\/virserumsvandrarhem.se\/de\/wp-json\/wp\/v2\/media?parent=179"}],"curies":[{"name":"wp","href":"https:\/\/api.w.org\/{rel}","templated":true}]}}