{"id":183,"date":"2014-03-11T15:53:30","date_gmt":"2014-03-11T14:53:30","guid":{"rendered":"http:\/\/www.virserumsvandrarhem.se\/?page_id=183"},"modified":"2014-03-11T15:53:30","modified_gmt":"2014-03-11T14:53:30","slug":"fahren-sie-mit-dem-nostalgiezug-auf-der-schmalspurstrecke","status":"publish","type":"page","link":"https:\/\/virserumsvandrarhem.se\/de\/erleben-sie-virserum\/fahren-sie-mit-dem-nostalgiezug-auf-der-schmalspurstrecke\/","title":{"rendered":"Fahren Sie mit dem Nostalgiezug auf der Schmalspurstrecke"},"content":{"rendered":"<p>Machen Sie eine Fahrt mit den klassischen Triebwagen zwischen Virserum und \u00c5seda! Auf der Schmalspurbahn k\u00f6nnen Sie sich zur\u00fccklehnen und Sie f\u00fchlen sich in vergangene Zeiten versetzt, wenn sich der Zug durch Sm\u00e5lands Natur schl\u00e4ngelt. Ein Abenteuer, das von Jung und Alt gesch\u00e4tzt wird! Die Schmalspurbahn ist die l\u00e4ngste schmalspurige Eisenbahnstrecke Europas, bis 1984 waren diese Strecken in Betrieb, heute ist es nur noch Nostalgie. Die Z\u00fcge verkehren an ausgew\u00e4hlten Tagen w\u00e4hrend des ganzen Sommers und oft gibt es eine einfache Servierung, Kaffee und Schwedens Kanelbullar (Zimtschnecken).<\/p>\n","protected":false},"excerpt":{"rendered":"<p>Machen Sie eine Fahrt mit den klassischen Triebwagen zwischen Virserum und \u00c5seda! Auf der Schmalspurbahn k\u00f6nnen Sie sich zur\u00fccklehnen und Sie f\u00fchlen sich in vergangene Zeiten versetzt, wenn sich der Zug durch Sm\u00e5lands Natur schl\u00e4ngelt. Ein Abenteuer, das von Jung und Alt gesch\u00e4tzt wird! Die Schmalspurbahn ist die l\u00e4ngste schmalspurige Eisenbahnstrecke Europas, bis 1984 waren [&hellip;]<\/p>\n","protected":false},"author":1,"featured_media":0,"parent":172,"menu_order":0,"comment_status":"open","ping_status":"open","template":"","meta":{"footnotes":""},"yoast_head":"<!-- This site is optimized with the Yoast SEO plugin v18.0 - https:\/\/yoast.com\/wordpress\/plugins\/seo\/ -->\n<title>Fahren Sie mit dem Nostalgiezug auf der Schmalspurstrecke - Virserums Vandrarhem<\/title>\n<meta name=\"robots\" content=\"index, follow, max-snippet:-1, max-image-preview:large, max-video-preview:-1\" \/>\n<link rel=\"canonical\" href=\"https:\/\/virserumsvandrarhem.se\/de\/erleben-sie-virserum\/fahren-sie-mit-dem-nostalgiezug-auf-der-schmalspurstrecke\/\" \/>\n<meta property=\"og:locale\" content=\"de_DE\" \/>\n<meta property=\"og:type\" content=\"article\" \/>\n<meta property=\"og:title\" content=\"Fahren Sie mit dem Nostalgiezug auf der Schmalspurstrecke - Virserums Vandrarhem\" \/>\n<meta property=\"og:description\" content=\"Machen Sie eine Fahrt mit den klassischen Triebwagen zwischen Virserum und \u00c5seda! Auf der Schmalspurbahn k\u00f6nnen Sie sich zur\u00fccklehnen und Sie f\u00fchlen sich in vergangene Zeiten versetzt, wenn sich der Zug durch Sm\u00e5lands Natur schl\u00e4ngelt. Ein Abenteuer, das von Jung und Alt gesch\u00e4tzt wird! Die Schmalspurbahn ist die l\u00e4ngste schmalspurige Eisenbahnstrecke Europas, bis 1984 waren [&hellip;]\" \/>\n<meta property=\"og:url\" content=\"https:\/\/virserumsvandrarhem.se\/de\/erleben-sie-virserum\/fahren-sie-mit-dem-nostalgiezug-auf-der-schmalspurstrecke\/\" \/>\n<meta property=\"og:site_name\" content=\"Virserums Vandrarhem\" \/>\n<meta property=\"article:publisher\" content=\"http:\/\/www.facebook.com\/virserumsvandrarhem\" \/>\n<meta property=\"og:image\" content=\"http:\/\/www.virserumsvandrarhem.se\/wp-content\/uploads\/2014\/04\/IMG_20140503_102801-772x1030.jpg\" \/>\n<script type=\"application\/ld+json\" class=\"yoast-schema-graph\">{\"@context\":\"https:\/\/schema.org\",\"@graph\":[{\"@type\":\"WebSite\",\"@id\":\"https:\/\/virserumsvandrarhem.se\/#website\",\"url\":\"https:\/\/virserumsvandrarhem.se\/\",\"name\":\"Virserums Vandrarhem\",\"description\":\"Ett vandrarhem i hj\u00e4rtat av Sm\u00e5land\",\"potentialAction\":[{\"@type\":\"SearchAction\",\"target\":{\"@type\":\"EntryPoint\",\"urlTemplate\":\"https:\/\/virserumsvandrarhem.se\/?s={search_term_string}\"},\"query-input\":\"required name=search_term_string\"}],\"inLanguage\":\"de\"},{\"@type\":\"WebPage\",\"@id\":\"https:\/\/virserumsvandrarhem.se\/de\/erleben-sie-virserum\/fahren-sie-mit-dem-nostalgiezug-auf-der-schmalspurstrecke\/#webpage\",\"url\":\"https:\/\/virserumsvandrarhem.se\/de\/erleben-sie-virserum\/fahren-sie-mit-dem-nostalgiezug-auf-der-schmalspurstrecke\/\",\"name\":\"Fahren Sie mit dem Nostalgiezug auf der Schmalspurstrecke - Virserums Vandrarhem\",\"isPartOf\":{\"@id\":\"https:\/\/virserumsvandrarhem.se\/#website\"},\"datePublished\":\"2014-03-11T14:53:30+00:00\",\"dateModified\":\"2014-03-11T14:53:30+00:00\",\"breadcrumb\":{\"@id\":\"https:\/\/virserumsvandrarhem.se\/de\/erleben-sie-virserum\/fahren-sie-mit-dem-nostalgiezug-auf-der-schmalspurstrecke\/#breadcrumb\"},\"inLanguage\":\"de\",\"potentialAction\":[{\"@type\":\"ReadAction\",\"target\":[\"https:\/\/virserumsvandrarhem.se\/de\/erleben-sie-virserum\/fahren-sie-mit-dem-nostalgiezug-auf-der-schmalspurstrecke\/\"]}]},{\"@type\":\"BreadcrumbList\",\"@id\":\"https:\/\/virserumsvandrarhem.se\/de\/erleben-sie-virserum\/fahren-sie-mit-dem-nostalgiezug-auf-der-schmalspurstrecke\/#breadcrumb\",\"itemListElement\":[{\"@type\":\"ListItem\",\"position\":1,\"name\":\"Home\",\"item\":\"https:\/\/virserumsvandrarhem.se\/upplev-virserum\/sample-page\/\"},{\"@type\":\"ListItem\",\"position\":2,\"name\":\"Erleben Sie Virserum\",\"item\":\"https:\/\/virserumsvandrarhem.se\/de\/erleben-sie-virserum\/\"},{\"@type\":\"ListItem\",\"position\":3,\"name\":\"Fahren Sie mit dem Nostalgiezug auf der Schmalspurstrecke\"}]}]}<\/script>\n<!-- \/ Yoast SEO plugin. -->","yoast_head_json":{"title":"Fahren Sie mit dem Nostalgiezug auf der Schmalspurstrecke - Virserums Vandrarhem","robots":{"index":"index","follow":"follow","max-snippet":"max-snippet:-1","max-image-preview":"max-image-preview:large","max-video-preview":"max-video-preview:-1"},"canonical":"https:\/\/virserumsvandrarhem.se\/de\/erleben-sie-virserum\/fahren-sie-mit-dem-nostalgiezug-auf-der-schmalspurstrecke\/","og_locale":"de_DE","og_type":"article","og_title":"Fahren Sie mit dem Nostalgiezug auf der Schmalspurstrecke - Virserums Vandrarhem","og_description":"Machen Sie eine Fahrt mit den klassischen Triebwagen zwischen Virserum und \u00c5seda! Auf der Schmalspurbahn k\u00f6nnen Sie sich zur\u00fccklehnen und Sie f\u00fchlen sich in vergangene Zeiten versetzt, wenn sich der Zug durch Sm\u00e5lands Natur schl\u00e4ngelt. Ein Abenteuer, das von Jung und Alt gesch\u00e4tzt wird! Die Schmalspurbahn ist die l\u00e4ngste schmalspurige Eisenbahnstrecke Europas, bis 1984 waren [&hellip;]","og_url":"https:\/\/virserumsvandrarhem.se\/de\/erleben-sie-virserum\/fahren-sie-mit-dem-nostalgiezug-auf-der-schmalspurstrecke\/","og_site_name":"Virserums Vandrarhem","article_publisher":"http:\/\/www.facebook.com\/virserumsvandrarhem","og_image":[{"url":"http:\/\/www.virserumsvandrarhem.se\/wp-content\/uploads\/2014\/04\/IMG_20140503_102801-772x1030.jpg"}],"schema":{"@context":"https:\/\/schema.org","@graph":[{"@type":"WebSite","@id":"https:\/\/virserumsvandrarhem.se\/#website","url":"https:\/\/virserumsvandrarhem.se\/","name":"Virserums Vandrarhem","description":"Ett vandrarhem i hj\u00e4rtat av Sm\u00e5land","potentialAction":[{"@type":"SearchAction","target":{"@type":"EntryPoint","urlTemplate":"https:\/\/virserumsvandrarhem.se\/?s={search_term_string}"},"query-input":"required name=search_term_string"}],"inLanguage":"de"},{"@type":"WebPage","@id":"https:\/\/virserumsvandrarhem.se\/de\/erleben-sie-virserum\/fahren-sie-mit-dem-nostalgiezug-auf-der-schmalspurstrecke\/#webpage","url":"https:\/\/virserumsvandrarhem.se\/de\/erleben-sie-virserum\/fahren-sie-mit-dem-nostalgiezug-auf-der-schmalspurstrecke\/","name":"Fahren Sie mit dem Nostalgiezug auf der Schmalspurstrecke - Virserums Vandrarhem","isPartOf":{"@id":"https:\/\/virserumsvandrarhem.se\/#website"},"datePublished":"2014-03-11T14:53:30+00:00","dateModified":"2014-03-11T14:53:30+00:00","breadcrumb":{"@id":"https:\/\/virserumsvandrarhem.se\/de\/erleben-sie-virserum\/fahren-sie-mit-dem-nostalgiezug-auf-der-schmalspurstrecke\/#breadcrumb"},"inLanguage":"de","potentialAction":[{"@type":"ReadAction","target":["https:\/\/virserumsvandrarhem.se\/de\/erleben-sie-virserum\/fahren-sie-mit-dem-nostalgiezug-auf-der-schmalspurstrecke\/"]}]},{"@type":"BreadcrumbList","@id":"https:\/\/virserumsvandrarhem.se\/de\/erleben-sie-virserum\/fahren-sie-mit-dem-nostalgiezug-auf-der-schmalspurstrecke\/#breadcrumb","itemListElement":[{"@type":"ListItem","position":1,"name":"Home","item":"https:\/\/virserumsvandrarhem.se\/upplev-virserum\/sample-page\/"},{"@type":"ListItem","position":2,"name":"Erleben Sie Virserum","item":"https:\/\/virserumsvandrarhem.se\/de\/erleben-sie-virserum\/"},{"@type":"ListItem","position":3,"name":"Fahren Sie mit dem Nostalgiezug auf der Schmalspurstrecke"}]}]}},"_links":{"self":[{"href":"https:\/\/virserumsvandrarhem.se\/de\/wp-json\/wp\/v2\/pages\/183"}],"collection":[{"href":"https:\/\/virserumsvandrarhem.se\/de\/wp-json\/wp\/v2\/pages"}],"about":[{"href":"https:\/\/virserumsvandrarhem.se\/de\/wp-json\/wp\/v2\/types\/page"}],"author":[{"embeddable":true,"href":"https:\/\/virserumsvandrarhem.se\/de\/wp-json\/wp\/v2\/users\/1"}],"replies":[{"embeddable":true,"href":"https:\/\/virserumsvandrarhem.se\/de\/wp-json\/wp\/v2\/comments?post=183"}],"version-history":[{"count":1,"href":"https:\/\/virserumsvandrarhem.se\/de\/wp-json\/wp\/v2\/pages\/183\/revisions"}],"predecessor-version":[{"id":184,"href":"https:\/\/virserumsvandrarhem.se\/de\/wp-json\/wp\/v2\/pages\/183\/revisions\/184"}],"up":[{"embeddable":true,"href":"https:\/\/virserumsvandrarhem.se\/de\/wp-json\/wp\/v2\/pages\/172"}],"wp:attachment":[{"href":"https:\/\/virserumsvandrarhem.se\/de\/wp-json\/wp\/v2\/media?parent=183"}],"curies":[{"name":"wp","href":"https:\/\/api.w.org\/{rel}","templated":true}]}}