{"id":185,"date":"2014-03-11T15:54:18","date_gmt":"2014-03-11T14:54:18","guid":{"rendered":"http:\/\/www.virserumsvandrarhem.se\/?page_id=185"},"modified":"2014-03-11T15:54:18","modified_gmt":"2014-03-11T14:54:18","slug":"nostalgietage-auf-der-schmalspurstrecke","status":"publish","type":"page","link":"https:\/\/virserumsvandrarhem.se\/de\/erleben-sie-virserum\/nostalgietage-auf-der-schmalspurstrecke\/","title":{"rendered":"Nostalgietage auf der Schmalspurstrecke"},"content":{"rendered":"<p>Ein ganzes Wochenende Nostalgie pur! Anfang Juni veranstaltet der Verband Schmalspurbahn seine Nostalgietage mit einer Vielzahl von Aktivit\u00e4ten, die sich von Jahr zu Jahr \u00e4ndern. Eine der regelm\u00e4ssigen Veranstaltungn sind jedoch die Oldtimer-Fahrzeuge, Z\u00fcge, Autos und Busse. In und um den Bahnhof werden verschiedene Aktivit\u00e4ten f\u00fcr Kinder und Erwachsene angeboten. Die renovierte Wartehalle im alten Bahnhof ist ebenfalls einen Besuch wert.<\/p>\n","protected":false},"excerpt":{"rendered":"<p>Ein ganzes Wochenende Nostalgie pur! Anfang Juni veranstaltet der Verband Schmalspurbahn seine Nostalgietage mit einer Vielzahl von Aktivit\u00e4ten, die sich von Jahr zu Jahr \u00e4ndern. Eine der regelm\u00e4ssigen Veranstaltungn sind jedoch die Oldtimer-Fahrzeuge, Z\u00fcge, Autos und Busse. In und um den Bahnhof werden verschiedene Aktivit\u00e4ten f\u00fcr Kinder und Erwachsene angeboten. Die renovierte Wartehalle im alten [&hellip;]<\/p>\n","protected":false},"author":1,"featured_media":0,"parent":172,"menu_order":0,"comment_status":"open","ping_status":"open","template":"","meta":{"footnotes":""},"yoast_head":"<!-- This site is optimized with the Yoast SEO plugin v18.0 - https:\/\/yoast.com\/wordpress\/plugins\/seo\/ -->\n<title>Nostalgietage auf der Schmalspurstrecke - Virserums Vandrarhem<\/title>\n<meta name=\"robots\" content=\"index, follow, max-snippet:-1, max-image-preview:large, max-video-preview:-1\" \/>\n<link rel=\"canonical\" href=\"https:\/\/virserumsvandrarhem.se\/de\/erleben-sie-virserum\/nostalgietage-auf-der-schmalspurstrecke\/\" \/>\n<meta property=\"og:locale\" content=\"de_DE\" \/>\n<meta property=\"og:type\" content=\"article\" \/>\n<meta property=\"og:title\" content=\"Nostalgietage auf der Schmalspurstrecke - Virserums Vandrarhem\" \/>\n<meta property=\"og:description\" content=\"Ein ganzes Wochenende Nostalgie pur! Anfang Juni veranstaltet der Verband Schmalspurbahn seine Nostalgietage mit einer Vielzahl von Aktivit\u00e4ten, die sich von Jahr zu Jahr \u00e4ndern. Eine der regelm\u00e4ssigen Veranstaltungn sind jedoch die Oldtimer-Fahrzeuge, Z\u00fcge, Autos und Busse. In und um den Bahnhof werden verschiedene Aktivit\u00e4ten f\u00fcr Kinder und Erwachsene angeboten. Die renovierte Wartehalle im alten [&hellip;]\" \/>\n<meta property=\"og:url\" content=\"https:\/\/virserumsvandrarhem.se\/de\/erleben-sie-virserum\/nostalgietage-auf-der-schmalspurstrecke\/\" \/>\n<meta property=\"og:site_name\" content=\"Virserums Vandrarhem\" \/>\n<meta property=\"article:publisher\" content=\"http:\/\/www.facebook.com\/virserumsvandrarhem\" \/>\n<meta property=\"og:image\" content=\"http:\/\/www.virserumsvandrarhem.se\/wp-content\/uploads\/2014\/04\/IMG_20140503_102801-772x1030.jpg\" \/>\n<script type=\"application\/ld+json\" class=\"yoast-schema-graph\">{\"@context\":\"https:\/\/schema.org\",\"@graph\":[{\"@type\":\"WebSite\",\"@id\":\"https:\/\/virserumsvandrarhem.se\/#website\",\"url\":\"https:\/\/virserumsvandrarhem.se\/\",\"name\":\"Virserums Vandrarhem\",\"description\":\"Ett vandrarhem i hj\u00e4rtat av Sm\u00e5land\",\"potentialAction\":[{\"@type\":\"SearchAction\",\"target\":{\"@type\":\"EntryPoint\",\"urlTemplate\":\"https:\/\/virserumsvandrarhem.se\/?s={search_term_string}\"},\"query-input\":\"required name=search_term_string\"}],\"inLanguage\":\"de\"},{\"@type\":\"WebPage\",\"@id\":\"https:\/\/virserumsvandrarhem.se\/de\/erleben-sie-virserum\/nostalgietage-auf-der-schmalspurstrecke\/#webpage\",\"url\":\"https:\/\/virserumsvandrarhem.se\/de\/erleben-sie-virserum\/nostalgietage-auf-der-schmalspurstrecke\/\",\"name\":\"Nostalgietage auf der Schmalspurstrecke - Virserums Vandrarhem\",\"isPartOf\":{\"@id\":\"https:\/\/virserumsvandrarhem.se\/#website\"},\"datePublished\":\"2014-03-11T14:54:18+00:00\",\"dateModified\":\"2014-03-11T14:54:18+00:00\",\"breadcrumb\":{\"@id\":\"https:\/\/virserumsvandrarhem.se\/de\/erleben-sie-virserum\/nostalgietage-auf-der-schmalspurstrecke\/#breadcrumb\"},\"inLanguage\":\"de\",\"potentialAction\":[{\"@type\":\"ReadAction\",\"target\":[\"https:\/\/virserumsvandrarhem.se\/de\/erleben-sie-virserum\/nostalgietage-auf-der-schmalspurstrecke\/\"]}]},{\"@type\":\"BreadcrumbList\",\"@id\":\"https:\/\/virserumsvandrarhem.se\/de\/erleben-sie-virserum\/nostalgietage-auf-der-schmalspurstrecke\/#breadcrumb\",\"itemListElement\":[{\"@type\":\"ListItem\",\"position\":1,\"name\":\"Home\",\"item\":\"https:\/\/virserumsvandrarhem.se\/upplev-virserum\/sample-page\/\"},{\"@type\":\"ListItem\",\"position\":2,\"name\":\"Erleben Sie Virserum\",\"item\":\"https:\/\/virserumsvandrarhem.se\/de\/erleben-sie-virserum\/\"},{\"@type\":\"ListItem\",\"position\":3,\"name\":\"Nostalgietage auf der Schmalspurstrecke\"}]}]}<\/script>\n<!-- \/ Yoast SEO plugin. -->","yoast_head_json":{"title":"Nostalgietage auf der Schmalspurstrecke - Virserums Vandrarhem","robots":{"index":"index","follow":"follow","max-snippet":"max-snippet:-1","max-image-preview":"max-image-preview:large","max-video-preview":"max-video-preview:-1"},"canonical":"https:\/\/virserumsvandrarhem.se\/de\/erleben-sie-virserum\/nostalgietage-auf-der-schmalspurstrecke\/","og_locale":"de_DE","og_type":"article","og_title":"Nostalgietage auf der Schmalspurstrecke - Virserums Vandrarhem","og_description":"Ein ganzes Wochenende Nostalgie pur! Anfang Juni veranstaltet der Verband Schmalspurbahn seine Nostalgietage mit einer Vielzahl von Aktivit\u00e4ten, die sich von Jahr zu Jahr \u00e4ndern. Eine der regelm\u00e4ssigen Veranstaltungn sind jedoch die Oldtimer-Fahrzeuge, Z\u00fcge, Autos und Busse. In und um den Bahnhof werden verschiedene Aktivit\u00e4ten f\u00fcr Kinder und Erwachsene angeboten. Die renovierte Wartehalle im alten [&hellip;]","og_url":"https:\/\/virserumsvandrarhem.se\/de\/erleben-sie-virserum\/nostalgietage-auf-der-schmalspurstrecke\/","og_site_name":"Virserums Vandrarhem","article_publisher":"http:\/\/www.facebook.com\/virserumsvandrarhem","og_image":[{"url":"http:\/\/www.virserumsvandrarhem.se\/wp-content\/uploads\/2014\/04\/IMG_20140503_102801-772x1030.jpg"}],"schema":{"@context":"https:\/\/schema.org","@graph":[{"@type":"WebSite","@id":"https:\/\/virserumsvandrarhem.se\/#website","url":"https:\/\/virserumsvandrarhem.se\/","name":"Virserums Vandrarhem","description":"Ett vandrarhem i hj\u00e4rtat av Sm\u00e5land","potentialAction":[{"@type":"SearchAction","target":{"@type":"EntryPoint","urlTemplate":"https:\/\/virserumsvandrarhem.se\/?s={search_term_string}"},"query-input":"required name=search_term_string"}],"inLanguage":"de"},{"@type":"WebPage","@id":"https:\/\/virserumsvandrarhem.se\/de\/erleben-sie-virserum\/nostalgietage-auf-der-schmalspurstrecke\/#webpage","url":"https:\/\/virserumsvandrarhem.se\/de\/erleben-sie-virserum\/nostalgietage-auf-der-schmalspurstrecke\/","name":"Nostalgietage auf der Schmalspurstrecke - Virserums Vandrarhem","isPartOf":{"@id":"https:\/\/virserumsvandrarhem.se\/#website"},"datePublished":"2014-03-11T14:54:18+00:00","dateModified":"2014-03-11T14:54:18+00:00","breadcrumb":{"@id":"https:\/\/virserumsvandrarhem.se\/de\/erleben-sie-virserum\/nostalgietage-auf-der-schmalspurstrecke\/#breadcrumb"},"inLanguage":"de","potentialAction":[{"@type":"ReadAction","target":["https:\/\/virserumsvandrarhem.se\/de\/erleben-sie-virserum\/nostalgietage-auf-der-schmalspurstrecke\/"]}]},{"@type":"BreadcrumbList","@id":"https:\/\/virserumsvandrarhem.se\/de\/erleben-sie-virserum\/nostalgietage-auf-der-schmalspurstrecke\/#breadcrumb","itemListElement":[{"@type":"ListItem","position":1,"name":"Home","item":"https:\/\/virserumsvandrarhem.se\/upplev-virserum\/sample-page\/"},{"@type":"ListItem","position":2,"name":"Erleben Sie Virserum","item":"https:\/\/virserumsvandrarhem.se\/de\/erleben-sie-virserum\/"},{"@type":"ListItem","position":3,"name":"Nostalgietage auf der Schmalspurstrecke"}]}]}},"_links":{"self":[{"href":"https:\/\/virserumsvandrarhem.se\/de\/wp-json\/wp\/v2\/pages\/185"}],"collection":[{"href":"https:\/\/virserumsvandrarhem.se\/de\/wp-json\/wp\/v2\/pages"}],"about":[{"href":"https:\/\/virserumsvandrarhem.se\/de\/wp-json\/wp\/v2\/types\/page"}],"author":[{"embeddable":true,"href":"https:\/\/virserumsvandrarhem.se\/de\/wp-json\/wp\/v2\/users\/1"}],"replies":[{"embeddable":true,"href":"https:\/\/virserumsvandrarhem.se\/de\/wp-json\/wp\/v2\/comments?post=185"}],"version-history":[{"count":1,"href":"https:\/\/virserumsvandrarhem.se\/de\/wp-json\/wp\/v2\/pages\/185\/revisions"}],"predecessor-version":[{"id":186,"href":"https:\/\/virserumsvandrarhem.se\/de\/wp-json\/wp\/v2\/pages\/185\/revisions\/186"}],"up":[{"embeddable":true,"href":"https:\/\/virserumsvandrarhem.se\/de\/wp-json\/wp\/v2\/pages\/172"}],"wp:attachment":[{"href":"https:\/\/virserumsvandrarhem.se\/de\/wp-json\/wp\/v2\/media?parent=185"}],"curies":[{"name":"wp","href":"https:\/\/api.w.org\/{rel}","templated":true}]}}