{"id":190,"date":"2014-03-11T15:55:39","date_gmt":"2014-03-11T14:55:39","guid":{"rendered":"http:\/\/www.virserumsvandrarhem.se\/?page_id=190"},"modified":"2014-03-11T15:55:39","modified_gmt":"2014-03-11T14:55:39","slug":"virserums-musiktage","status":"publish","type":"page","link":"https:\/\/virserumsvandrarhem.se\/de\/erleben-sie-virserum\/virserums-musiktage\/","title":{"rendered":"Virserums Musiktage"},"content":{"rendered":"<p>Ein sicheres Zeichen f\u00fcr den Sommer sind Virserums Musiktage Ende Juni, jeden Jahres. Hier gibt es Veranstaltungen f\u00fcr alle Altersgruppen, f\u00fcr Kinder und Erwachsene. An verschiedenen Orten k\u00f6nnen Sie sowohl bekannte K\u00fcnstler als auch neue, aufstrebende K\u00fcnstler f\u00fcr eine ganze Woche erleben und geniessen!<\/p>\n","protected":false},"excerpt":{"rendered":"<p>Ein sicheres Zeichen f\u00fcr den Sommer sind Virserums Musiktage Ende Juni, jeden Jahres. Hier gibt es Veranstaltungen f\u00fcr alle Altersgruppen, f\u00fcr Kinder und Erwachsene. An verschiedenen Orten k\u00f6nnen Sie sowohl bekannte K\u00fcnstler als auch neue, aufstrebende K\u00fcnstler f\u00fcr eine ganze Woche erleben und geniessen!<\/p>\n","protected":false},"author":1,"featured_media":0,"parent":172,"menu_order":0,"comment_status":"open","ping_status":"open","template":"","meta":{"footnotes":""},"yoast_head":"<!-- This site is optimized with the Yoast SEO plugin v18.0 - https:\/\/yoast.com\/wordpress\/plugins\/seo\/ -->\n<title>Virserums Musiktage - Virserums Vandrarhem<\/title>\n<meta name=\"robots\" content=\"index, follow, max-snippet:-1, max-image-preview:large, max-video-preview:-1\" \/>\n<link rel=\"canonical\" href=\"https:\/\/virserumsvandrarhem.se\/de\/erleben-sie-virserum\/virserums-musiktage\/\" \/>\n<meta property=\"og:locale\" content=\"de_DE\" \/>\n<meta property=\"og:type\" content=\"article\" \/>\n<meta property=\"og:title\" content=\"Virserums Musiktage - Virserums Vandrarhem\" \/>\n<meta property=\"og:description\" content=\"Ein sicheres Zeichen f\u00fcr den Sommer sind Virserums Musiktage Ende Juni, jeden Jahres. Hier gibt es Veranstaltungen f\u00fcr alle Altersgruppen, f\u00fcr Kinder und Erwachsene. An verschiedenen Orten k\u00f6nnen Sie sowohl bekannte K\u00fcnstler als auch neue, aufstrebende K\u00fcnstler f\u00fcr eine ganze Woche erleben und geniessen!\" \/>\n<meta property=\"og:url\" content=\"https:\/\/virserumsvandrarhem.se\/de\/erleben-sie-virserum\/virserums-musiktage\/\" \/>\n<meta property=\"og:site_name\" content=\"Virserums Vandrarhem\" \/>\n<meta property=\"article:publisher\" content=\"http:\/\/www.facebook.com\/virserumsvandrarhem\" \/>\n<meta property=\"og:image\" content=\"http:\/\/www.virserumsvandrarhem.se\/wp-content\/uploads\/2014\/04\/IMG_20140503_102801-772x1030.jpg\" \/>\n<script type=\"application\/ld+json\" class=\"yoast-schema-graph\">{\"@context\":\"https:\/\/schema.org\",\"@graph\":[{\"@type\":\"WebSite\",\"@id\":\"https:\/\/virserumsvandrarhem.se\/#website\",\"url\":\"https:\/\/virserumsvandrarhem.se\/\",\"name\":\"Virserums Vandrarhem\",\"description\":\"Ett vandrarhem i hj\u00e4rtat av Sm\u00e5land\",\"potentialAction\":[{\"@type\":\"SearchAction\",\"target\":{\"@type\":\"EntryPoint\",\"urlTemplate\":\"https:\/\/virserumsvandrarhem.se\/?s={search_term_string}\"},\"query-input\":\"required name=search_term_string\"}],\"inLanguage\":\"de\"},{\"@type\":\"WebPage\",\"@id\":\"https:\/\/virserumsvandrarhem.se\/de\/erleben-sie-virserum\/virserums-musiktage\/#webpage\",\"url\":\"https:\/\/virserumsvandrarhem.se\/de\/erleben-sie-virserum\/virserums-musiktage\/\",\"name\":\"Virserums Musiktage - Virserums Vandrarhem\",\"isPartOf\":{\"@id\":\"https:\/\/virserumsvandrarhem.se\/#website\"},\"datePublished\":\"2014-03-11T14:55:39+00:00\",\"dateModified\":\"2014-03-11T14:55:39+00:00\",\"breadcrumb\":{\"@id\":\"https:\/\/virserumsvandrarhem.se\/de\/erleben-sie-virserum\/virserums-musiktage\/#breadcrumb\"},\"inLanguage\":\"de\",\"potentialAction\":[{\"@type\":\"ReadAction\",\"target\":[\"https:\/\/virserumsvandrarhem.se\/de\/erleben-sie-virserum\/virserums-musiktage\/\"]}]},{\"@type\":\"BreadcrumbList\",\"@id\":\"https:\/\/virserumsvandrarhem.se\/de\/erleben-sie-virserum\/virserums-musiktage\/#breadcrumb\",\"itemListElement\":[{\"@type\":\"ListItem\",\"position\":1,\"name\":\"Home\",\"item\":\"https:\/\/virserumsvandrarhem.se\/upplev-virserum\/sample-page\/\"},{\"@type\":\"ListItem\",\"position\":2,\"name\":\"Erleben Sie Virserum\",\"item\":\"https:\/\/virserumsvandrarhem.se\/de\/erleben-sie-virserum\/\"},{\"@type\":\"ListItem\",\"position\":3,\"name\":\"Virserums Musiktage\"}]}]}<\/script>\n<!-- \/ Yoast SEO plugin. -->","yoast_head_json":{"title":"Virserums Musiktage - Virserums Vandrarhem","robots":{"index":"index","follow":"follow","max-snippet":"max-snippet:-1","max-image-preview":"max-image-preview:large","max-video-preview":"max-video-preview:-1"},"canonical":"https:\/\/virserumsvandrarhem.se\/de\/erleben-sie-virserum\/virserums-musiktage\/","og_locale":"de_DE","og_type":"article","og_title":"Virserums Musiktage - Virserums Vandrarhem","og_description":"Ein sicheres Zeichen f\u00fcr den Sommer sind Virserums Musiktage Ende Juni, jeden Jahres. Hier gibt es Veranstaltungen f\u00fcr alle Altersgruppen, f\u00fcr Kinder und Erwachsene. An verschiedenen Orten k\u00f6nnen Sie sowohl bekannte K\u00fcnstler als auch neue, aufstrebende K\u00fcnstler f\u00fcr eine ganze Woche erleben und geniessen!","og_url":"https:\/\/virserumsvandrarhem.se\/de\/erleben-sie-virserum\/virserums-musiktage\/","og_site_name":"Virserums Vandrarhem","article_publisher":"http:\/\/www.facebook.com\/virserumsvandrarhem","og_image":[{"url":"http:\/\/www.virserumsvandrarhem.se\/wp-content\/uploads\/2014\/04\/IMG_20140503_102801-772x1030.jpg"}],"schema":{"@context":"https:\/\/schema.org","@graph":[{"@type":"WebSite","@id":"https:\/\/virserumsvandrarhem.se\/#website","url":"https:\/\/virserumsvandrarhem.se\/","name":"Virserums Vandrarhem","description":"Ett vandrarhem i hj\u00e4rtat av Sm\u00e5land","potentialAction":[{"@type":"SearchAction","target":{"@type":"EntryPoint","urlTemplate":"https:\/\/virserumsvandrarhem.se\/?s={search_term_string}"},"query-input":"required name=search_term_string"}],"inLanguage":"de"},{"@type":"WebPage","@id":"https:\/\/virserumsvandrarhem.se\/de\/erleben-sie-virserum\/virserums-musiktage\/#webpage","url":"https:\/\/virserumsvandrarhem.se\/de\/erleben-sie-virserum\/virserums-musiktage\/","name":"Virserums Musiktage - Virserums Vandrarhem","isPartOf":{"@id":"https:\/\/virserumsvandrarhem.se\/#website"},"datePublished":"2014-03-11T14:55:39+00:00","dateModified":"2014-03-11T14:55:39+00:00","breadcrumb":{"@id":"https:\/\/virserumsvandrarhem.se\/de\/erleben-sie-virserum\/virserums-musiktage\/#breadcrumb"},"inLanguage":"de","potentialAction":[{"@type":"ReadAction","target":["https:\/\/virserumsvandrarhem.se\/de\/erleben-sie-virserum\/virserums-musiktage\/"]}]},{"@type":"BreadcrumbList","@id":"https:\/\/virserumsvandrarhem.se\/de\/erleben-sie-virserum\/virserums-musiktage\/#breadcrumb","itemListElement":[{"@type":"ListItem","position":1,"name":"Home","item":"https:\/\/virserumsvandrarhem.se\/upplev-virserum\/sample-page\/"},{"@type":"ListItem","position":2,"name":"Erleben Sie Virserum","item":"https:\/\/virserumsvandrarhem.se\/de\/erleben-sie-virserum\/"},{"@type":"ListItem","position":3,"name":"Virserums Musiktage"}]}]}},"_links":{"self":[{"href":"https:\/\/virserumsvandrarhem.se\/de\/wp-json\/wp\/v2\/pages\/190"}],"collection":[{"href":"https:\/\/virserumsvandrarhem.se\/de\/wp-json\/wp\/v2\/pages"}],"about":[{"href":"https:\/\/virserumsvandrarhem.se\/de\/wp-json\/wp\/v2\/types\/page"}],"author":[{"embeddable":true,"href":"https:\/\/virserumsvandrarhem.se\/de\/wp-json\/wp\/v2\/users\/1"}],"replies":[{"embeddable":true,"href":"https:\/\/virserumsvandrarhem.se\/de\/wp-json\/wp\/v2\/comments?post=190"}],"version-history":[{"count":1,"href":"https:\/\/virserumsvandrarhem.se\/de\/wp-json\/wp\/v2\/pages\/190\/revisions"}],"predecessor-version":[{"id":191,"href":"https:\/\/virserumsvandrarhem.se\/de\/wp-json\/wp\/v2\/pages\/190\/revisions\/191"}],"up":[{"embeddable":true,"href":"https:\/\/virserumsvandrarhem.se\/de\/wp-json\/wp\/v2\/pages\/172"}],"wp:attachment":[{"href":"https:\/\/virserumsvandrarhem.se\/de\/wp-json\/wp\/v2\/media?parent=190"}],"curies":[{"name":"wp","href":"https:\/\/api.w.org\/{rel}","templated":true}]}}