{"id":192,"date":"2014-03-11T15:56:53","date_gmt":"2014-03-11T14:56:53","guid":{"rendered":"http:\/\/www.virserumsvandrarhem.se\/?page_id=192"},"modified":"2014-03-11T15:56:53","modified_gmt":"2014-03-11T14:56:53","slug":"virserums-mobelindustriemuseum","status":"publish","type":"page","link":"https:\/\/virserumsvandrarhem.se\/de\/erleben-sie-virserum\/virserums-mobelindustriemuseum\/","title":{"rendered":"Virserums M\u00f6belindustriemuseum"},"content":{"rendered":"<p>In Virserum und Umgebung gab es viele Jahre verschiedene M\u00f6belfabriken, die letzte wurde 2008 geschlossen. Aber die Erinnerungen an die M\u00f6belproduktion leben im M\u00f6belindustriemuseum weiter. Im Museum k\u00f6nnen Sie Werkzeuge und Maschinen sehen, die heute noch funktionst\u00fcchtig sind. Es gibt auch eine Auswahl von M\u00f6beln zu sehen, eine Gelegenheit um mehr \u00fcber die Geschichte der schwedischen M\u00f6belindustrie zu erfahren!<\/p>\n","protected":false},"excerpt":{"rendered":"<p>In Virserum und Umgebung gab es viele Jahre verschiedene M\u00f6belfabriken, die letzte wurde 2008 geschlossen. Aber die Erinnerungen an die M\u00f6belproduktion leben im M\u00f6belindustriemuseum weiter. Im Museum k\u00f6nnen Sie Werkzeuge und Maschinen sehen, die heute noch funktionst\u00fcchtig sind. Es gibt auch eine Auswahl von M\u00f6beln zu sehen, eine Gelegenheit um mehr \u00fcber die Geschichte der [&hellip;]<\/p>\n","protected":false},"author":1,"featured_media":0,"parent":172,"menu_order":0,"comment_status":"open","ping_status":"open","template":"","meta":{"footnotes":""},"yoast_head":"<!-- This site is optimized with the Yoast SEO plugin v18.0 - https:\/\/yoast.com\/wordpress\/plugins\/seo\/ -->\n<title>Virserums M\u00f6belindustriemuseum - Virserums Vandrarhem<\/title>\n<meta name=\"robots\" content=\"index, follow, max-snippet:-1, max-image-preview:large, max-video-preview:-1\" \/>\n<link rel=\"canonical\" href=\"https:\/\/virserumsvandrarhem.se\/de\/erleben-sie-virserum\/virserums-mobelindustriemuseum\/\" \/>\n<meta property=\"og:locale\" content=\"de_DE\" \/>\n<meta property=\"og:type\" content=\"article\" \/>\n<meta property=\"og:title\" content=\"Virserums M\u00f6belindustriemuseum - Virserums Vandrarhem\" \/>\n<meta property=\"og:description\" content=\"In Virserum und Umgebung gab es viele Jahre verschiedene M\u00f6belfabriken, die letzte wurde 2008 geschlossen. Aber die Erinnerungen an die M\u00f6belproduktion leben im M\u00f6belindustriemuseum weiter. Im Museum k\u00f6nnen Sie Werkzeuge und Maschinen sehen, die heute noch funktionst\u00fcchtig sind. Es gibt auch eine Auswahl von M\u00f6beln zu sehen, eine Gelegenheit um mehr \u00fcber die Geschichte der [&hellip;]\" \/>\n<meta property=\"og:url\" content=\"https:\/\/virserumsvandrarhem.se\/de\/erleben-sie-virserum\/virserums-mobelindustriemuseum\/\" \/>\n<meta property=\"og:site_name\" content=\"Virserums Vandrarhem\" \/>\n<meta property=\"article:publisher\" content=\"http:\/\/www.facebook.com\/virserumsvandrarhem\" \/>\n<meta property=\"og:image\" content=\"http:\/\/www.virserumsvandrarhem.se\/wp-content\/uploads\/2014\/04\/IMG_20140503_102801-772x1030.jpg\" \/>\n<script type=\"application\/ld+json\" class=\"yoast-schema-graph\">{\"@context\":\"https:\/\/schema.org\",\"@graph\":[{\"@type\":\"WebSite\",\"@id\":\"https:\/\/virserumsvandrarhem.se\/#website\",\"url\":\"https:\/\/virserumsvandrarhem.se\/\",\"name\":\"Virserums Vandrarhem\",\"description\":\"Ett vandrarhem i hj\u00e4rtat av Sm\u00e5land\",\"potentialAction\":[{\"@type\":\"SearchAction\",\"target\":{\"@type\":\"EntryPoint\",\"urlTemplate\":\"https:\/\/virserumsvandrarhem.se\/?s={search_term_string}\"},\"query-input\":\"required name=search_term_string\"}],\"inLanguage\":\"de\"},{\"@type\":\"WebPage\",\"@id\":\"https:\/\/virserumsvandrarhem.se\/de\/erleben-sie-virserum\/virserums-mobelindustriemuseum\/#webpage\",\"url\":\"https:\/\/virserumsvandrarhem.se\/de\/erleben-sie-virserum\/virserums-mobelindustriemuseum\/\",\"name\":\"Virserums M\u00f6belindustriemuseum - Virserums Vandrarhem\",\"isPartOf\":{\"@id\":\"https:\/\/virserumsvandrarhem.se\/#website\"},\"datePublished\":\"2014-03-11T14:56:53+00:00\",\"dateModified\":\"2014-03-11T14:56:53+00:00\",\"breadcrumb\":{\"@id\":\"https:\/\/virserumsvandrarhem.se\/de\/erleben-sie-virserum\/virserums-mobelindustriemuseum\/#breadcrumb\"},\"inLanguage\":\"de\",\"potentialAction\":[{\"@type\":\"ReadAction\",\"target\":[\"https:\/\/virserumsvandrarhem.se\/de\/erleben-sie-virserum\/virserums-mobelindustriemuseum\/\"]}]},{\"@type\":\"BreadcrumbList\",\"@id\":\"https:\/\/virserumsvandrarhem.se\/de\/erleben-sie-virserum\/virserums-mobelindustriemuseum\/#breadcrumb\",\"itemListElement\":[{\"@type\":\"ListItem\",\"position\":1,\"name\":\"Home\",\"item\":\"https:\/\/virserumsvandrarhem.se\/upplev-virserum\/sample-page\/\"},{\"@type\":\"ListItem\",\"position\":2,\"name\":\"Erleben Sie Virserum\",\"item\":\"https:\/\/virserumsvandrarhem.se\/de\/erleben-sie-virserum\/\"},{\"@type\":\"ListItem\",\"position\":3,\"name\":\"Virserums M\u00f6belindustriemuseum\"}]}]}<\/script>\n<!-- \/ Yoast SEO plugin. -->","yoast_head_json":{"title":"Virserums M\u00f6belindustriemuseum - Virserums Vandrarhem","robots":{"index":"index","follow":"follow","max-snippet":"max-snippet:-1","max-image-preview":"max-image-preview:large","max-video-preview":"max-video-preview:-1"},"canonical":"https:\/\/virserumsvandrarhem.se\/de\/erleben-sie-virserum\/virserums-mobelindustriemuseum\/","og_locale":"de_DE","og_type":"article","og_title":"Virserums M\u00f6belindustriemuseum - Virserums Vandrarhem","og_description":"In Virserum und Umgebung gab es viele Jahre verschiedene M\u00f6belfabriken, die letzte wurde 2008 geschlossen. Aber die Erinnerungen an die M\u00f6belproduktion leben im M\u00f6belindustriemuseum weiter. Im Museum k\u00f6nnen Sie Werkzeuge und Maschinen sehen, die heute noch funktionst\u00fcchtig sind. Es gibt auch eine Auswahl von M\u00f6beln zu sehen, eine Gelegenheit um mehr \u00fcber die Geschichte der [&hellip;]","og_url":"https:\/\/virserumsvandrarhem.se\/de\/erleben-sie-virserum\/virserums-mobelindustriemuseum\/","og_site_name":"Virserums Vandrarhem","article_publisher":"http:\/\/www.facebook.com\/virserumsvandrarhem","og_image":[{"url":"http:\/\/www.virserumsvandrarhem.se\/wp-content\/uploads\/2014\/04\/IMG_20140503_102801-772x1030.jpg"}],"schema":{"@context":"https:\/\/schema.org","@graph":[{"@type":"WebSite","@id":"https:\/\/virserumsvandrarhem.se\/#website","url":"https:\/\/virserumsvandrarhem.se\/","name":"Virserums Vandrarhem","description":"Ett vandrarhem i hj\u00e4rtat av Sm\u00e5land","potentialAction":[{"@type":"SearchAction","target":{"@type":"EntryPoint","urlTemplate":"https:\/\/virserumsvandrarhem.se\/?s={search_term_string}"},"query-input":"required name=search_term_string"}],"inLanguage":"de"},{"@type":"WebPage","@id":"https:\/\/virserumsvandrarhem.se\/de\/erleben-sie-virserum\/virserums-mobelindustriemuseum\/#webpage","url":"https:\/\/virserumsvandrarhem.se\/de\/erleben-sie-virserum\/virserums-mobelindustriemuseum\/","name":"Virserums M\u00f6belindustriemuseum - Virserums Vandrarhem","isPartOf":{"@id":"https:\/\/virserumsvandrarhem.se\/#website"},"datePublished":"2014-03-11T14:56:53+00:00","dateModified":"2014-03-11T14:56:53+00:00","breadcrumb":{"@id":"https:\/\/virserumsvandrarhem.se\/de\/erleben-sie-virserum\/virserums-mobelindustriemuseum\/#breadcrumb"},"inLanguage":"de","potentialAction":[{"@type":"ReadAction","target":["https:\/\/virserumsvandrarhem.se\/de\/erleben-sie-virserum\/virserums-mobelindustriemuseum\/"]}]},{"@type":"BreadcrumbList","@id":"https:\/\/virserumsvandrarhem.se\/de\/erleben-sie-virserum\/virserums-mobelindustriemuseum\/#breadcrumb","itemListElement":[{"@type":"ListItem","position":1,"name":"Home","item":"https:\/\/virserumsvandrarhem.se\/upplev-virserum\/sample-page\/"},{"@type":"ListItem","position":2,"name":"Erleben Sie Virserum","item":"https:\/\/virserumsvandrarhem.se\/de\/erleben-sie-virserum\/"},{"@type":"ListItem","position":3,"name":"Virserums M\u00f6belindustriemuseum"}]}]}},"_links":{"self":[{"href":"https:\/\/virserumsvandrarhem.se\/de\/wp-json\/wp\/v2\/pages\/192"}],"collection":[{"href":"https:\/\/virserumsvandrarhem.se\/de\/wp-json\/wp\/v2\/pages"}],"about":[{"href":"https:\/\/virserumsvandrarhem.se\/de\/wp-json\/wp\/v2\/types\/page"}],"author":[{"embeddable":true,"href":"https:\/\/virserumsvandrarhem.se\/de\/wp-json\/wp\/v2\/users\/1"}],"replies":[{"embeddable":true,"href":"https:\/\/virserumsvandrarhem.se\/de\/wp-json\/wp\/v2\/comments?post=192"}],"version-history":[{"count":1,"href":"https:\/\/virserumsvandrarhem.se\/de\/wp-json\/wp\/v2\/pages\/192\/revisions"}],"predecessor-version":[{"id":193,"href":"https:\/\/virserumsvandrarhem.se\/de\/wp-json\/wp\/v2\/pages\/192\/revisions\/193"}],"up":[{"embeddable":true,"href":"https:\/\/virserumsvandrarhem.se\/de\/wp-json\/wp\/v2\/pages\/172"}],"wp:attachment":[{"href":"https:\/\/virserumsvandrarhem.se\/de\/wp-json\/wp\/v2\/media?parent=192"}],"curies":[{"name":"wp","href":"https:\/\/api.w.org\/{rel}","templated":true}]}}