{"id":110,"date":"2013-09-10T14:44:33","date_gmt":"2013-09-10T14:44:33","guid":{"rendered":"http:\/\/www.virserumsvandrarhem.se\/?page_id=110"},"modified":"2024-07-03T20:04:28","modified_gmt":"2024-07-03T19:04:28","slug":"sample-page","status":"publish","type":"page","link":"https:\/\/virserumsvandrarhem.se\/en\/sample-page\/","title":{"rendered":"Virserums vandrarhem &#8211; your high standard hostel in sm\u00e5land"},"content":{"rendered":"<div id='layer_slider_1'  class='avia-layerslider main_color avia-shadow  avia-builder-el-0  el_before_av_section  avia-builder-el-first  container_wrap sidebar_right'  style='height: 471px;'  ><\/div>\n<div id='av_section_1'  class='avia-section av-av_section-f2ecc37b4b2d6bae90e150b1294aef14 main_color avia-section-default avia-no-shadow  avia-builder-el-1  el_after_av_layerslider  avia-builder-el-last  avia-bg-style-scroll container_wrap sidebar_right'  ><div class='container av-section-cont-open' ><div class='template-page content  av-content-small alpha units'><div class='post-entry post-entry-type-page post-entry-110'><div class='entry-content-wrapper clearfix'>\n<div  class='flex_column av-av_one_half-2a9015ff38129c418a3f2eafba3e9512 av_one_half  avia-builder-el-2  el_before_av_one_half  avia-builder-el-first  first flex_column_div  '     ><p><section  class='av_textblock_section av-av_textblock-0366cc7376be6c9e82a3e9cc8987b64f '   itemscope=\"itemscope\" itemtype=\"https:\/\/schema.org\/CreativeWork\" ><div class='avia_textblock'  itemprop=\"text\" ><p>We would like to welcome you to Virserums vandrarhem, we are located right in the center of the small village Virserum. Our hostel is a modern and comfortable alternative and with affordable prices that everyone can enjoy. Virserum has a lot to offer, why not make a visit to <strong>Smalsp\u00e5ret<\/strong> narrow gauge railway, <strong>Astrid Lindgrens World<\/strong> or the art exhibitions at <strong>Virserums konsthall<\/strong>?<strong><br \/>\n<\/strong><\/p>\n<p>Our goal is to be a competitive choice, by having a high standard combined, all the rooms have been refurbished during spring 2014. Our location makes it a short walk to almost everything in Virserum, the supermarkets, caf\u00e9, pizza parlors etc. Our hostel might even be the best hostel in sm\u00e5land?<\/p>\n<\/div><\/section><br \/>\n\n<style type=\"text\/css\" data-created_by=\"avia_inline_auto\" id=\"style-css-av-av_gallery-143270f21a2acae6855f25b649e68005\">\n#top .avia-gallery.av-av_gallery-143270f21a2acae6855f25b649e68005 .avia-gallery-thumb a{\nwidth:20%;\n}\n<\/style>\n<div  class='avia-gallery av-av_gallery-143270f21a2acae6855f25b649e68005 avia_animate_when_visible  avia-builder-el-4  el_after_av_textblock  avia-builder-el-last  avia_lazyload avia-gallery-animate avia-gallery-1'  itemprop=\"image\" itemscope=\"itemscope\" itemtype=\"https:\/\/schema.org\/ImageObject\" ><meta itemprop=\"contentURL\" content=\"https:\/\/virserumsvandrarhem.se\/en\/sample-page\/\"><div class='avia-gallery-thumb'><a href=\"https:\/\/virserumsvandrarhem.se\/wp-content\/uploads\/2014\/04\/IMG_20140503_102801-772x1030.jpg\" data-rel='gallery-1' data-prev-img='https:\/\/virserumsvandrarhem.se\/wp-content\/uploads\/2014\/04\/IMG_20140503_102801-495x400.jpg' class='first_thumb lightbox ' data-onclick='1' title='Lekplats och grillplats med bord och stolar finns att anv\u00e4nda gratis'  itemprop=\"thumbnailUrl\"  ><img decoding=\"async\" fetchpriority=\"high\" class=\"wp-image-778 avia-img-lazy-loading-not-778\"  data-avia-tooltip='Lekplats och grillplats med bord och stolar finns att anv\u00e4nda gratis' src=\"https:\/\/virserumsvandrarhem.se\/wp-content\/uploads\/2014\/04\/IMG_20140503_102801-495x400.jpg\" width=\"495\" height=\"400\"  title='Lekplats &amp; grillplats' alt='' \/><div class='big-prev-fake'><img decoding=\"async\" loading=\"lazy\" class=\"wp-image-778 avia-img-lazy-loading-778\"  width=\"495\" height=\"400\" src=\"https:\/\/virserumsvandrarhem.se\/wp-content\/uploads\/2014\/04\/IMG_20140503_102801-495x400.jpg\" title='Lekplats &amp; grillplats' alt='' \/><\/div><\/a><a href=\"https:\/\/virserumsvandrarhem.se\/wp-content\/uploads\/2014\/04\/IMG_20140503_073833-772x1030.jpg\" data-rel='gallery-1' data-prev-img='https:\/\/virserumsvandrarhem.se\/wp-content\/uploads\/2014\/04\/IMG_20140503_073833-495x400.jpg' class='lightbox ' data-onclick='2' title='V\u00e4lkommen till oss'  itemprop=\"thumbnailUrl\"  ><img decoding=\"async\" fetchpriority=\"high\" class=\"wp-image-775 avia-img-lazy-loading-not-775\"  data-avia-tooltip='V\u00e4lkommen till oss' src=\"https:\/\/virserumsvandrarhem.se\/wp-content\/uploads\/2014\/04\/IMG_20140503_073833-495x400.jpg\" width=\"495\" height=\"400\"  title='V\u00e4lkommen till Virserums vandrarhem' alt='' \/><div class='big-prev-fake'><img decoding=\"async\" loading=\"lazy\" class=\"wp-image-775 avia-img-lazy-loading-775\"  width=\"495\" height=\"400\" src=\"https:\/\/virserumsvandrarhem.se\/wp-content\/uploads\/2014\/04\/IMG_20140503_073833-495x400.jpg\" title='V\u00e4lkommen till Virserums vandrarhem' alt='' \/><\/div><\/a><a href=\"https:\/\/virserumsvandrarhem.se\/wp-content\/uploads\/2014\/04\/IMG_20140503_073751-772x1030.jpg\" data-rel='gallery-1' data-prev-img='https:\/\/virserumsvandrarhem.se\/wp-content\/uploads\/2014\/04\/IMG_20140503_073751-495x400.jpg' class='lightbox ' data-onclick='3' title='Vandrarhemmets tr\u00e4dg\u00e5rd har uteplats med grillm\u00f6jlighet, inh\u00e4ngnat och s\u00e4kert f\u00f6r b\u00e5de barn och husdjur.'  itemprop=\"thumbnailUrl\"  ><img decoding=\"async\" fetchpriority=\"high\" class=\"wp-image-772 avia-img-lazy-loading-not-772\"  data-avia-tooltip='Vandrarhemmets tr\u00e4dg\u00e5rd har uteplats med grillm\u00f6jlighet, inh\u00e4ngnat och s\u00e4kert f\u00f6r b\u00e5de barn och husdjur.' src=\"https:\/\/virserumsvandrarhem.se\/wp-content\/uploads\/2014\/04\/IMG_20140503_073751-495x400.jpg\" width=\"495\" height=\"400\"  title='Rymlig tr\u00e4dg\u00e5rd' alt='' \/><div class='big-prev-fake'><img decoding=\"async\" loading=\"lazy\" class=\"wp-image-772 avia-img-lazy-loading-772\"  width=\"495\" height=\"400\" src=\"https:\/\/virserumsvandrarhem.se\/wp-content\/uploads\/2014\/04\/IMG_20140503_073751-495x400.jpg\" title='Rymlig tr\u00e4dg\u00e5rd' alt='' \/><\/div><\/a><a href=\"https:\/\/virserumsvandrarhem.se\/wp-content\/uploads\/2014\/04\/IMG_0837-1030x686.jpg\" data-rel='gallery-1' data-prev-img='https:\/\/virserumsvandrarhem.se\/wp-content\/uploads\/2014\/04\/IMG_0837-495x400.jpg' class='lightbox ' data-onclick='4' title='Sk\u00f6na s\u00e4ngar och nyrenoverade rum'  itemprop=\"thumbnailUrl\"  ><img decoding=\"async\" fetchpriority=\"high\" class=\"wp-image-763 avia-img-lazy-loading-not-763\"  data-avia-tooltip='Sk\u00f6na s\u00e4ngar och nyrenoverade rum' src=\"https:\/\/virserumsvandrarhem.se\/wp-content\/uploads\/2014\/04\/IMG_0837-495x400.jpg\" width=\"495\" height=\"400\"  title='B\u00e4dd i v\u00e5ningss\u00e4ng' alt='' \/><div class='big-prev-fake'><img decoding=\"async\" loading=\"lazy\" class=\"wp-image-763 avia-img-lazy-loading-763\"  width=\"495\" height=\"400\" src=\"https:\/\/virserumsvandrarhem.se\/wp-content\/uploads\/2014\/04\/IMG_0837-495x400.jpg\" title='B\u00e4dd i v\u00e5ningss\u00e4ng' alt='' \/><\/div><\/a><a href=\"https:\/\/virserumsvandrarhem.se\/wp-content\/uploads\/2014\/04\/IMG_0857-1030x686.jpg\" data-rel='gallery-1' data-prev-img='https:\/\/virserumsvandrarhem.se\/wp-content\/uploads\/2014\/04\/IMG_0857-e1612961635916-495x400.jpg' class='lightbox ' data-onclick='5' title='Interi\u00f6ren \u00e4r nyrenoverad och h\u00e5ller en h\u00f6g niv\u00e5'  itemprop=\"thumbnailUrl\"  ><img decoding=\"async\" fetchpriority=\"high\" class=\"wp-image-760 avia-img-lazy-loading-not-760\"  data-avia-tooltip='Interi\u00f6ren \u00e4r nyrenoverad och h\u00e5ller en h\u00f6g niv\u00e5' src=\"https:\/\/virserumsvandrarhem.se\/wp-content\/uploads\/2014\/04\/IMG_0857-e1612961635916-495x400.jpg\" width=\"495\" height=\"400\"  title='Stilrent &amp; snyggt' alt='' \/><div class='big-prev-fake'><img decoding=\"async\" loading=\"lazy\" class=\"wp-image-760 avia-img-lazy-loading-760\"  width=\"495\" height=\"400\" src=\"https:\/\/virserumsvandrarhem.se\/wp-content\/uploads\/2014\/04\/IMG_0857-e1612961635916-495x400.jpg\" title='Stilrent &amp; snyggt' alt='' \/><\/div><\/a><a href=\"https:\/\/virserumsvandrarhem.se\/wp-content\/uploads\/2014\/04\/IMG_0877-1030x686.jpg\" data-rel='gallery-1' data-prev-img='https:\/\/virserumsvandrarhem.se\/wp-content\/uploads\/2014\/04\/IMG_0877-e1398676243441-495x400.jpg' class='first_thumb lightbox ' data-onclick='6' title='All rum g\u00e5r i ljusa f\u00e4rger och \u00e4r nyrenoverade'  itemprop=\"thumbnailUrl\"  ><img decoding=\"async\" fetchpriority=\"high\" class=\"wp-image-754 avia-img-lazy-loading-not-754\"  data-avia-tooltip='All rum g\u00e5r i ljusa f\u00e4rger och \u00e4r nyrenoverade' src=\"https:\/\/virserumsvandrarhem.se\/wp-content\/uploads\/2014\/04\/IMG_0877-e1398676243441-495x400.jpg\" width=\"495\" height=\"400\"  title='Ljusa rum' alt='' \/><div class='big-prev-fake'><img decoding=\"async\" loading=\"lazy\" class=\"wp-image-754 avia-img-lazy-loading-754\"  width=\"495\" height=\"400\" src=\"https:\/\/virserumsvandrarhem.se\/wp-content\/uploads\/2014\/04\/IMG_0877-e1398676243441-495x400.jpg\" title='Ljusa rum' alt='' \/><\/div><\/a><a href=\"https:\/\/virserumsvandrarhem.se\/wp-content\/uploads\/2014\/04\/IMG_0873-1030x686.jpg\" data-srcset=\"https:\/\/virserumsvandrarhem.se\/wp-content\/uploads\/2014\/04\/IMG_0873-1030x686.jpg 1030w, https:\/\/virserumsvandrarhem.se\/wp-content\/uploads\/2014\/04\/IMG_0873-300x200.jpg 300w, https:\/\/virserumsvandrarhem.se\/wp-content\/uploads\/2014\/04\/IMG_0873-1500x999.jpg 1500w, https:\/\/virserumsvandrarhem.se\/wp-content\/uploads\/2014\/04\/IMG_0873-450x300.jpg 450w\" data-sizes=\"(max-width: 1030px) 100vw, 1030px\" data-rel='gallery-1' data-prev-img='https:\/\/virserumsvandrarhem.se\/wp-content\/uploads\/2014\/04\/IMG_0873-495x400.jpg' class='lightbox ' data-onclick='7' title='Vi har fr\u00e4scha utrymmen och helt nybyggt handikappv\u00e4nlig toalett och dusch'  itemprop=\"thumbnailUrl\"  ><img decoding=\"async\" fetchpriority=\"high\" class=\"wp-image-751 avia-img-lazy-loading-not-751\"  data-avia-tooltip='Vi har fr\u00e4scha utrymmen och helt nybyggt handikappv\u00e4nlig toalett och dusch' src=\"https:\/\/virserumsvandrarhem.se\/wp-content\/uploads\/2014\/04\/IMG_0873-495x400.jpg\" width=\"495\" height=\"400\"  title='Tydligt skyltat' alt='' srcset=\"https:\/\/virserumsvandrarhem.se\/wp-content\/uploads\/2014\/04\/IMG_0873-495x400.jpg 495w, https:\/\/virserumsvandrarhem.se\/wp-content\/uploads\/2014\/04\/IMG_0873-710x575.jpg 710w\" sizes=\"(max-width: 495px) 100vw, 495px\" \/><div class='big-prev-fake'><img decoding=\"async\" loading=\"lazy\" class=\"wp-image-751 avia-img-lazy-loading-751\"  width=\"495\" height=\"400\" src=\"https:\/\/virserumsvandrarhem.se\/wp-content\/uploads\/2014\/04\/IMG_0873-495x400.jpg\" title='Tydligt skyltat' alt='' srcset=\"https:\/\/virserumsvandrarhem.se\/wp-content\/uploads\/2014\/04\/IMG_0873-495x400.jpg 495w, https:\/\/virserumsvandrarhem.se\/wp-content\/uploads\/2014\/04\/IMG_0873-710x575.jpg 710w\" sizes=\"(max-width: 495px) 100vw, 495px\" \/><\/div><\/a><a href=\"https:\/\/virserumsvandrarhem.se\/wp-content\/uploads\/2014\/04\/IMG_0844-1030x686.jpg\" data-rel='gallery-1' data-prev-img='https:\/\/virserumsvandrarhem.se\/wp-content\/uploads\/2014\/04\/IMG_0844-495x400.jpg' class='lightbox ' data-onclick='8' title='Sk\u00f6na s\u00e4ngar och nyrenoverade rum. Rum 101 och 102 \u00e4r b\u00e5da tillg\u00e4ngliga med rullstol.'  itemprop=\"thumbnailUrl\"  ><img decoding=\"async\" fetchpriority=\"high\" class=\"wp-image-769 avia-img-lazy-loading-not-769\"  data-avia-tooltip='Sk\u00f6na s\u00e4ngar och nyrenoverade rum. Rum 101 och 102 \u00e4r b\u00e5da tillg\u00e4ngliga med rullstol.' src=\"https:\/\/virserumsvandrarhem.se\/wp-content\/uploads\/2014\/04\/IMG_0844-495x400.jpg\" width=\"495\" height=\"400\"  title='Rum 102 - Sexb\u00e4ddsrum' alt='' \/><div class='big-prev-fake'><img decoding=\"async\" loading=\"lazy\" class=\"wp-image-769 avia-img-lazy-loading-769\"  width=\"495\" height=\"400\" src=\"https:\/\/virserumsvandrarhem.se\/wp-content\/uploads\/2014\/04\/IMG_0844-495x400.jpg\" title='Rum 102 - Sexb\u00e4ddsrum' alt='' \/><\/div><\/a><\/div><\/div><\/p><\/div><div  class='flex_column av-av_one_half-5f90342963ba16b8fd45c580faf2a4de av_one_half  avia-builder-el-5  el_after_av_one_half  avia-builder-el-last  flex_column_div  '     ><article  class='iconbox iconbox_left av-ly67ijay-ab3d03acefe81be8a6b9c169a3807235  avia-builder-el-6  avia-builder-el-no-sibling '  itemscope=\"itemscope\" itemtype=\"https:\/\/schema.org\/CreativeWork\" ><div class=\"iconbox_content\"><header class=\"entry-content-header\"><div class=\"iconbox_icon heading-color\" aria-hidden='true' data-av_icon='' data-av_iconfont='entypo-fontello'><\/div><h3 class='iconbox_content_title '  itemprop=\"headline\" >Book your accommodation online<\/h3><\/header><div class='iconbox_content_container '  itemprop=\"text\" ><script async src=\"https:\/\/secured.sirvoy.com\/widget\/sirvoy.js\" data-language=\"en\" data-form-id=\"54ec47fdc4948\" data-wp-plugin-version=\"4.0\"><\/script>\n<p><a title=\"Boka boende\" href=\"http:\/\/www.virserumsvandrarhem.se\/redigera-bokning\/\">Mange\u00a0your reservations<\/a>.<\/p>\n<\/div><\/div><footer class=\"entry-footer\"><\/footer><\/article><\/div><\/div><\/div><\/div><!-- close content main div --><\/div><\/div><div id='after_section_1'  class='main_color av_default_container_wrap container_wrap sidebar_right'  ><div class='container av-section-cont-open' ><div class='template-page content  av-content-small alpha units'><div class='post-entry post-entry-type-page post-entry-110'><div class='entry-content-wrapper clearfix'>\n","protected":false},"excerpt":{"rendered":"","protected":false},"author":1,"featured_media":0,"parent":0,"menu_order":0,"comment_status":"open","ping_status":"closed","template":"","meta":{"footnotes":""},"yoast_head":"<!-- This site is optimized with the Yoast SEO plugin v18.0 - https:\/\/yoast.com\/wordpress\/plugins\/seo\/ -->\n<title>Hostel in sm\u00e5land<\/title>\n<meta name=\"description\" content=\"Virserums hostel is a new high standard hostel in sm\u00e5land, prices starting from 250SEK\/person and night. Close to Astrid Lindgrens V\u00e4rld!\" \/>\n<meta name=\"robots\" content=\"index, follow, max-snippet:-1, max-image-preview:large, max-video-preview:-1\" \/>\n<link rel=\"canonical\" href=\"https:\/\/virserumsvandrarhem.se\/en\/sample-page\/\" \/>\n<meta property=\"og:locale\" content=\"en_US\" \/>\n<meta property=\"og:type\" content=\"article\" \/>\n<meta property=\"og:title\" content=\"Hostel in sm\u00e5land\" \/>\n<meta property=\"og:description\" content=\"Virserums hostel is a new high standard hostel in sm\u00e5land, prices starting from 250SEK\/person and night. Close to Astrid Lindgrens V\u00e4rld!\" \/>\n<meta property=\"og:url\" content=\"https:\/\/virserumsvandrarhem.se\/en\/sample-page\/\" \/>\n<meta property=\"og:site_name\" content=\"Virserums Vandrarhem\" \/>\n<meta property=\"article:publisher\" content=\"http:\/\/www.facebook.com\/virserumsvandrarhem\" \/>\n<meta property=\"article:modified_time\" content=\"2024-07-03T19:04:28+00:00\" \/>\n<meta property=\"og:image\" content=\"http:\/\/www.virserumsvandrarhem.se\/wp-content\/uploads\/2014\/04\/IMG_20140503_102801-772x1030.jpg\" \/>\n<meta name=\"twitter:label1\" content=\"Est. reading time\" \/>\n\t<meta name=\"twitter:data1\" content=\"4 minutes\" \/>\n<script type=\"application\/ld+json\" class=\"yoast-schema-graph\">{\"@context\":\"https:\/\/schema.org\",\"@graph\":[{\"@type\":\"WebSite\",\"@id\":\"https:\/\/virserumsvandrarhem.se\/#website\",\"url\":\"https:\/\/virserumsvandrarhem.se\/\",\"name\":\"Virserums Vandrarhem\",\"description\":\"Ett vandrarhem i hj\u00e4rtat av Sm\u00e5land\",\"potentialAction\":[{\"@type\":\"SearchAction\",\"target\":{\"@type\":\"EntryPoint\",\"urlTemplate\":\"https:\/\/virserumsvandrarhem.se\/?s={search_term_string}\"},\"query-input\":\"required name=search_term_string\"}],\"inLanguage\":\"en-US\"},{\"@type\":\"WebPage\",\"@id\":\"https:\/\/virserumsvandrarhem.se\/en\/sample-page\/#webpage\",\"url\":\"https:\/\/virserumsvandrarhem.se\/en\/sample-page\/\",\"name\":\"Hostel in sm\u00e5land\",\"isPartOf\":{\"@id\":\"https:\/\/virserumsvandrarhem.se\/#website\"},\"datePublished\":\"2013-09-10T14:44:33+00:00\",\"dateModified\":\"2024-07-03T19:04:28+00:00\",\"description\":\"Virserums hostel is a new high standard hostel in sm\u00e5land, prices starting from 250SEK\/person and night. Close to Astrid Lindgrens V\u00e4rld!\",\"breadcrumb\":{\"@id\":\"https:\/\/virserumsvandrarhem.se\/en\/sample-page\/#breadcrumb\"},\"inLanguage\":\"en-US\",\"potentialAction\":[{\"@type\":\"ReadAction\",\"target\":[\"https:\/\/virserumsvandrarhem.se\/en\/sample-page\/\"]}]},{\"@type\":\"BreadcrumbList\",\"@id\":\"https:\/\/virserumsvandrarhem.se\/en\/sample-page\/#breadcrumb\",\"itemListElement\":[{\"@type\":\"ListItem\",\"position\":1,\"name\":\"Home\",\"item\":\"https:\/\/virserumsvandrarhem.se\/upplev-virserum\/sample-page\/\"},{\"@type\":\"ListItem\",\"position\":2,\"name\":\"Virserums vandrarhem &#8211; your high standard hostel in sm\u00e5land\"}]}]}<\/script>\n<!-- \/ Yoast SEO plugin. -->","yoast_head_json":{"title":"Hostel in sm\u00e5land","description":"Virserums hostel is a new high standard hostel in sm\u00e5land, prices starting from 250SEK\/person and night. Close to Astrid Lindgrens V\u00e4rld!","robots":{"index":"index","follow":"follow","max-snippet":"max-snippet:-1","max-image-preview":"max-image-preview:large","max-video-preview":"max-video-preview:-1"},"canonical":"https:\/\/virserumsvandrarhem.se\/en\/sample-page\/","og_locale":"en_US","og_type":"article","og_title":"Hostel in sm\u00e5land","og_description":"Virserums hostel is a new high standard hostel in sm\u00e5land, prices starting from 250SEK\/person and night. Close to Astrid Lindgrens V\u00e4rld!","og_url":"https:\/\/virserumsvandrarhem.se\/en\/sample-page\/","og_site_name":"Virserums Vandrarhem","article_publisher":"http:\/\/www.facebook.com\/virserumsvandrarhem","article_modified_time":"2024-07-03T19:04:28+00:00","og_image":[{"url":"http:\/\/www.virserumsvandrarhem.se\/wp-content\/uploads\/2014\/04\/IMG_20140503_102801-772x1030.jpg"}],"twitter_misc":{"Est. reading time":"4 minutes"},"schema":{"@context":"https:\/\/schema.org","@graph":[{"@type":"WebSite","@id":"https:\/\/virserumsvandrarhem.se\/#website","url":"https:\/\/virserumsvandrarhem.se\/","name":"Virserums Vandrarhem","description":"Ett vandrarhem i hj\u00e4rtat av Sm\u00e5land","potentialAction":[{"@type":"SearchAction","target":{"@type":"EntryPoint","urlTemplate":"https:\/\/virserumsvandrarhem.se\/?s={search_term_string}"},"query-input":"required name=search_term_string"}],"inLanguage":"en-US"},{"@type":"WebPage","@id":"https:\/\/virserumsvandrarhem.se\/en\/sample-page\/#webpage","url":"https:\/\/virserumsvandrarhem.se\/en\/sample-page\/","name":"Hostel in sm\u00e5land","isPartOf":{"@id":"https:\/\/virserumsvandrarhem.se\/#website"},"datePublished":"2013-09-10T14:44:33+00:00","dateModified":"2024-07-03T19:04:28+00:00","description":"Virserums hostel is a new high standard hostel in sm\u00e5land, prices starting from 250SEK\/person and night. Close to Astrid Lindgrens V\u00e4rld!","breadcrumb":{"@id":"https:\/\/virserumsvandrarhem.se\/en\/sample-page\/#breadcrumb"},"inLanguage":"en-US","potentialAction":[{"@type":"ReadAction","target":["https:\/\/virserumsvandrarhem.se\/en\/sample-page\/"]}]},{"@type":"BreadcrumbList","@id":"https:\/\/virserumsvandrarhem.se\/en\/sample-page\/#breadcrumb","itemListElement":[{"@type":"ListItem","position":1,"name":"Home","item":"https:\/\/virserumsvandrarhem.se\/upplev-virserum\/sample-page\/"},{"@type":"ListItem","position":2,"name":"Virserums vandrarhem &#8211; your high standard hostel in sm\u00e5land"}]}]}},"_links":{"self":[{"href":"https:\/\/virserumsvandrarhem.se\/en\/wp-json\/wp\/v2\/pages\/110"}],"collection":[{"href":"https:\/\/virserumsvandrarhem.se\/en\/wp-json\/wp\/v2\/pages"}],"about":[{"href":"https:\/\/virserumsvandrarhem.se\/en\/wp-json\/wp\/v2\/types\/page"}],"author":[{"embeddable":true,"href":"https:\/\/virserumsvandrarhem.se\/en\/wp-json\/wp\/v2\/users\/1"}],"replies":[{"embeddable":true,"href":"https:\/\/virserumsvandrarhem.se\/en\/wp-json\/wp\/v2\/comments?post=110"}],"version-history":[{"count":10,"href":"https:\/\/virserumsvandrarhem.se\/en\/wp-json\/wp\/v2\/pages\/110\/revisions"}],"predecessor-version":[{"id":917,"href":"https:\/\/virserumsvandrarhem.se\/en\/wp-json\/wp\/v2\/pages\/110\/revisions\/917"}],"wp:attachment":[{"href":"https:\/\/virserumsvandrarhem.se\/en\/wp-json\/wp\/v2\/media?parent=110"}],"curies":[{"name":"wp","href":"https:\/\/api.w.org\/{rel}","templated":true}]}}