{"id":112,"date":"2014-02-10T22:17:14","date_gmt":"2014-02-10T22:17:14","guid":{"rendered":"http:\/\/www.virserumsvandrarhem.se\/?page_id=112"},"modified":"2022-02-06T19:25:57","modified_gmt":"2022-02-06T18:25:57","slug":"prislista","status":"publish","type":"page","link":"https:\/\/virserumsvandrarhem.se\/en\/prislista\/","title":{"rendered":"Prislista"},"content":{"rendered":"<section  class='av_textblock_section av-av_textblock-2de302bf1aa3cf4c9157dbe6f50ac7eb '   itemscope=\"itemscope\" itemtype=\"https:\/\/schema.org\/CreativeWork\" ><div class='avia_textblock'  itemprop=\"text\" ><p>Vi tror p\u00e5 enkelhet och smidighet, du betalar fr\u00e5n 250:-\/person beroende p\u00e5 hur stort rum ni bokar. Priset \u00e4r baserat p\u00e5 l\u00e5gs\u00e4song och h\u00f6gs\u00e4song och kan vara h\u00f6gre vid vissa storhelger. Aktuellt pris f\u00f6r just din vistelse hittar du enklast genom att <a href=\"http:\/\/www.virserumsvandrarhem.se\/\">boka online<\/a>, det pris du ser i bokningsl\u00e4get \u00e4r det som g\u00e4ller och vi f\u00f6rbeh\u00e5ller oss ev. \u00e4ndringar som inte avspeglas nedan.<\/p>\n<\/div><\/section>\n<div  class='avia-table av-av_table-836751dd624a7c7741761433ab722bd8 main_color avia-pricing-table-container avia_pricing_minimal  avia-builder-el-1  el_after_av_textblock  el_before_av_table  avia-table-1'  itemscope=\"itemscope\" itemtype=\"https:\/\/schema.org\/Table\" ><div class=\"pricing-table-wrap\"><ul class='pricing-table avia-center-col'><li class='avia-heading-row'><div class='first-table-item'>Enkelrum<\/div><span class='pricing-extra'><\/span><\/li><li class=''>400:-\/natt<\/li><\/ul><\/div><div class=\"pricing-table-wrap\"><ul class='pricing-table avia-center-col'><li class='avia-heading-row'><div class='first-table-item'>Tv\u00e5b\u00e4ddsrum<\/div><span class='pricing-extra'><\/span><\/li><li class=''>560:-\/natt<\/li><\/ul><\/div><div class=\"pricing-table-wrap\"><ul class='pricing-table '><li class='avia-heading-row'><div class='first-table-item'>Treb\u00e4ddsrum<\/div><span class='pricing-extra'><\/span><\/li><li class=''>810:-\/natt<\/li><\/ul><\/div><div class=\"pricing-table-wrap\"><ul class='pricing-table '><li class='avia-heading-row'><div class='first-table-item'>Fyrb\u00e4ddsrum<\/div><span class='pricing-extra'><\/span><\/li><li class=''>1040:-\/natt<\/li><\/ul><\/div><div class=\"pricing-table-wrap\"><ul class='pricing-table '><li class='avia-heading-row'><div class='first-table-item'>Femb\u00e4ddsrum<\/div><span class='pricing-extra'><\/span><\/li><li class=''>1250:-\/natt<\/li><\/ul><\/div><\/div>\n<div  class='avia-table av-av_table-836751dd624a7c7741761433ab722bd8 main_color avia-pricing-table-container avia_pricing_minimal  avia-builder-el-2  el_after_av_table  el_before_av_textblock  avia-table-2'  itemscope=\"itemscope\" itemtype=\"https:\/\/schema.org\/Table\" ><div class=\"pricing-table-wrap\"><ul class='pricing-table '><li class='avia-heading-row'><div class='first-table-item'>S\u00e4ngkl\u00e4der och handdukset (badhandduk och litet handduk), liten flaska duschgel.<br \/><\/div><span class='pricing-extra'><\/span><\/li><li class=''>120:-\/upps\u00e4ttning<\/li><\/ul><\/div><div class=\"pricing-table-wrap\"><ul class='pricing-table '><li class='avia-heading-row'><div class='first-table-item'>B\u00e4ddat vid ankomst *<\/div><span class='pricing-extra'><\/span><\/li><li class=''>190:-\/b\u00e4ddning<\/li><\/ul><\/div><div class=\"pricing-table-wrap\"><ul class='pricing-table avia-center-col'><li class='avia-heading-row'><div class='first-table-item'>St\u00e4dning vid avresa<br \/><\/div><span class='pricing-extra'><\/span><\/li><li class=''>190:-\/rum<\/li><\/ul><\/div><\/div>\n<section  class='av_textblock_section av-av_textblock-0366cc7376be6c9e82a3e9cc8987b64f '   itemscope=\"itemscope\" itemtype=\"https:\/\/schema.org\/CreativeWork\" ><div class='avia_textblock'  itemprop=\"text\" ><p>*\u00a0B\u00e4ddning vid ankomst b\u00f6r\u00a0bokas senast 1 dag f\u00f6re incheckning. En upps\u00e4ttning med lakan &amp; handdukar ing\u00e5r i priset.<\/p>\n<\/div><\/section>\n","protected":false},"excerpt":{"rendered":"","protected":false},"author":1,"featured_media":0,"parent":0,"menu_order":0,"comment_status":"open","ping_status":"open","template":"","meta":{"footnotes":""},"yoast_head":"<!-- This site is optimized with the Yoast SEO plugin v18.0 - https:\/\/yoast.com\/wordpress\/plugins\/seo\/ -->\n<title>Virserums vandrarhem n\u00e4ra Astrid Lindgrens V\u00e4rld - prislista<\/title>\n<meta name=\"description\" content=\"Bo p\u00e5 v\u00e5rt fr\u00e4scha vandrarhem i Virserum. Familjev\u00e4nligt och prisv\u00e4rt boende.\" \/>\n<meta name=\"robots\" content=\"index, follow, max-snippet:-1, max-image-preview:large, max-video-preview:-1\" \/>\n<link rel=\"canonical\" href=\"https:\/\/virserumsvandrarhem.se\/en\/prislista\/\" \/>\n<meta property=\"og:locale\" content=\"en_US\" \/>\n<meta property=\"og:type\" content=\"article\" \/>\n<meta property=\"og:title\" content=\"Virserums vandrarhem n\u00e4ra Astrid Lindgrens V\u00e4rld - prislista\" \/>\n<meta property=\"og:description\" content=\"Bo p\u00e5 v\u00e5rt fr\u00e4scha vandrarhem i Virserum. Familjev\u00e4nligt och prisv\u00e4rt boende.\" \/>\n<meta property=\"og:url\" content=\"https:\/\/virserumsvandrarhem.se\/en\/prislista\/\" \/>\n<meta property=\"og:site_name\" content=\"Virserums Vandrarhem\" \/>\n<meta property=\"article:publisher\" content=\"http:\/\/www.facebook.com\/virserumsvandrarhem\" \/>\n<meta property=\"article:modified_time\" content=\"2022-02-06T18:25:57+00:00\" \/>\n<meta property=\"og:image\" content=\"http:\/\/www.virserumsvandrarhem.se\/wp-content\/uploads\/2014\/04\/IMG_20140503_102801-772x1030.jpg\" \/>\n<meta name=\"twitter:label1\" content=\"Est. reading time\" \/>\n\t<meta name=\"twitter:data1\" content=\"2 minutes\" \/>\n<script type=\"application\/ld+json\" class=\"yoast-schema-graph\">{\"@context\":\"https:\/\/schema.org\",\"@graph\":[{\"@type\":\"WebSite\",\"@id\":\"https:\/\/virserumsvandrarhem.se\/#website\",\"url\":\"https:\/\/virserumsvandrarhem.se\/\",\"name\":\"Virserums Vandrarhem\",\"description\":\"Ett vandrarhem i hj\u00e4rtat av Sm\u00e5land\",\"potentialAction\":[{\"@type\":\"SearchAction\",\"target\":{\"@type\":\"EntryPoint\",\"urlTemplate\":\"https:\/\/virserumsvandrarhem.se\/?s={search_term_string}\"},\"query-input\":\"required name=search_term_string\"}],\"inLanguage\":\"en-US\"},{\"@type\":\"WebPage\",\"@id\":\"https:\/\/virserumsvandrarhem.se\/en\/prislista\/#webpage\",\"url\":\"https:\/\/virserumsvandrarhem.se\/en\/prislista\/\",\"name\":\"Virserums vandrarhem n\u00e4ra Astrid Lindgrens V\u00e4rld - prislista\",\"isPartOf\":{\"@id\":\"https:\/\/virserumsvandrarhem.se\/#website\"},\"datePublished\":\"2014-02-10T22:17:14+00:00\",\"dateModified\":\"2022-02-06T18:25:57+00:00\",\"description\":\"Bo p\u00e5 v\u00e5rt fr\u00e4scha vandrarhem i Virserum. Familjev\u00e4nligt och prisv\u00e4rt boende.\",\"breadcrumb\":{\"@id\":\"https:\/\/virserumsvandrarhem.se\/en\/prislista\/#breadcrumb\"},\"inLanguage\":\"en-US\",\"potentialAction\":[{\"@type\":\"ReadAction\",\"target\":[\"https:\/\/virserumsvandrarhem.se\/en\/prislista\/\"]}]},{\"@type\":\"BreadcrumbList\",\"@id\":\"https:\/\/virserumsvandrarhem.se\/en\/prislista\/#breadcrumb\",\"itemListElement\":[{\"@type\":\"ListItem\",\"position\":1,\"name\":\"Home\",\"item\":\"https:\/\/virserumsvandrarhem.se\/upplev-virserum\/sample-page\/\"},{\"@type\":\"ListItem\",\"position\":2,\"name\":\"Prislista\"}]}]}<\/script>\n<!-- \/ Yoast SEO plugin. -->","yoast_head_json":{"title":"Virserums vandrarhem n\u00e4ra Astrid Lindgrens V\u00e4rld - prislista","description":"Bo p\u00e5 v\u00e5rt fr\u00e4scha vandrarhem i Virserum. Familjev\u00e4nligt och prisv\u00e4rt boende.","robots":{"index":"index","follow":"follow","max-snippet":"max-snippet:-1","max-image-preview":"max-image-preview:large","max-video-preview":"max-video-preview:-1"},"canonical":"https:\/\/virserumsvandrarhem.se\/en\/prislista\/","og_locale":"en_US","og_type":"article","og_title":"Virserums vandrarhem n\u00e4ra Astrid Lindgrens V\u00e4rld - prislista","og_description":"Bo p\u00e5 v\u00e5rt fr\u00e4scha vandrarhem i Virserum. Familjev\u00e4nligt och prisv\u00e4rt boende.","og_url":"https:\/\/virserumsvandrarhem.se\/en\/prislista\/","og_site_name":"Virserums Vandrarhem","article_publisher":"http:\/\/www.facebook.com\/virserumsvandrarhem","article_modified_time":"2022-02-06T18:25:57+00:00","og_image":[{"url":"http:\/\/www.virserumsvandrarhem.se\/wp-content\/uploads\/2014\/04\/IMG_20140503_102801-772x1030.jpg"}],"twitter_misc":{"Est. reading time":"2 minutes"},"schema":{"@context":"https:\/\/schema.org","@graph":[{"@type":"WebSite","@id":"https:\/\/virserumsvandrarhem.se\/#website","url":"https:\/\/virserumsvandrarhem.se\/","name":"Virserums Vandrarhem","description":"Ett vandrarhem i hj\u00e4rtat av Sm\u00e5land","potentialAction":[{"@type":"SearchAction","target":{"@type":"EntryPoint","urlTemplate":"https:\/\/virserumsvandrarhem.se\/?s={search_term_string}"},"query-input":"required name=search_term_string"}],"inLanguage":"en-US"},{"@type":"WebPage","@id":"https:\/\/virserumsvandrarhem.se\/en\/prislista\/#webpage","url":"https:\/\/virserumsvandrarhem.se\/en\/prislista\/","name":"Virserums vandrarhem n\u00e4ra Astrid Lindgrens V\u00e4rld - prislista","isPartOf":{"@id":"https:\/\/virserumsvandrarhem.se\/#website"},"datePublished":"2014-02-10T22:17:14+00:00","dateModified":"2022-02-06T18:25:57+00:00","description":"Bo p\u00e5 v\u00e5rt fr\u00e4scha vandrarhem i Virserum. Familjev\u00e4nligt och prisv\u00e4rt boende.","breadcrumb":{"@id":"https:\/\/virserumsvandrarhem.se\/en\/prislista\/#breadcrumb"},"inLanguage":"en-US","potentialAction":[{"@type":"ReadAction","target":["https:\/\/virserumsvandrarhem.se\/en\/prislista\/"]}]},{"@type":"BreadcrumbList","@id":"https:\/\/virserumsvandrarhem.se\/en\/prislista\/#breadcrumb","itemListElement":[{"@type":"ListItem","position":1,"name":"Home","item":"https:\/\/virserumsvandrarhem.se\/upplev-virserum\/sample-page\/"},{"@type":"ListItem","position":2,"name":"Prislista"}]}]}},"_links":{"self":[{"href":"https:\/\/virserumsvandrarhem.se\/en\/wp-json\/wp\/v2\/pages\/112"}],"collection":[{"href":"https:\/\/virserumsvandrarhem.se\/en\/wp-json\/wp\/v2\/pages"}],"about":[{"href":"https:\/\/virserumsvandrarhem.se\/en\/wp-json\/wp\/v2\/types\/page"}],"author":[{"embeddable":true,"href":"https:\/\/virserumsvandrarhem.se\/en\/wp-json\/wp\/v2\/users\/1"}],"replies":[{"embeddable":true,"href":"https:\/\/virserumsvandrarhem.se\/en\/wp-json\/wp\/v2\/comments?post=112"}],"version-history":[{"count":25,"href":"https:\/\/virserumsvandrarhem.se\/en\/wp-json\/wp\/v2\/pages\/112\/revisions"}],"predecessor-version":[{"id":413,"href":"https:\/\/virserumsvandrarhem.se\/en\/wp-json\/wp\/v2\/pages\/112\/revisions\/413"}],"wp:attachment":[{"href":"https:\/\/virserumsvandrarhem.se\/en\/wp-json\/wp\/v2\/media?parent=112"}],"curies":[{"name":"wp","href":"https:\/\/api.w.org\/{rel}","templated":true}]}}