{"id":119,"date":"2014-02-12T16:14:25","date_gmt":"2014-02-12T15:14:25","guid":{"rendered":"http:\/\/www.virserumsvandrarhem.se\/?page_id=119"},"modified":"2024-07-03T20:03:45","modified_gmt":"2024-07-03T19:03:45","slug":"zapraszamy-do-virserums-vandrarhem","status":"publish","type":"page","link":"https:\/\/virserumsvandrarhem.se\/pl\/atrakcji-w-poblizu\/zapraszamy-do-virserums-vandrarhem\/","title":{"rendered":"Zapraszamy do domu wycieczkowego w Virserum"},"content":{"rendered":"<section  class='av_textblock_section av-av_textblock-0366cc7376be6c9e82a3e9cc8987b64f '   itemscope=\"itemscope\" itemtype=\"https:\/\/schema.org\/CreativeWork\" ><div class='avia_textblock'  itemprop=\"text\" ><div>Zapraszamy do domu wycieczkowego \/ domu turysty \/ noclegi w Virserum,\u00a0Jestesmy w miejscowosci Virserum, w srodku Sm\u00e5landii.\u00a0U nas mieszkasz tanio i wygodnie, w okolicy znajduje sie kolej waskotorowa <strong>Smalsp\u00e5ret<\/strong>, <strong>Swiat Astrid Lindgren<\/strong>, galeria obrazow <strong>Virserums konsthall<\/strong> i mnostwo innych atrakcji.\u00a0Innymi slowy, mozliwosc noclegow w poblizu wszystkiego.<\/div>\n<\/div><\/section>\n<div  class='flex_column av-av_one_full-2a9015ff38129c418a3f2eafba3e9512 av_one_full  avia-builder-el-1  el_after_av_textblock  el_before_av_textblock  first flex_column_div  column-top-margin'     ><\/div>\n<section  class='av_textblock_section av-ly67hkgb-e78cc8774cf3e063bbcfd4da2c18a6bd '   itemscope=\"itemscope\" itemtype=\"https:\/\/schema.org\/CreativeWork\" ><div class='avia_textblock'  itemprop=\"text\" ><h4><strong>Zamow swoj nocleg:<\/strong><\/h4>\n<div><\/div>\n<div><script async src=\"https:\/\/secured.sirvoy.com\/widget\/sirvoy.js\" data-language=\"en\" data-form-id=\"54ec47fdc4948\" data-wp-plugin-version=\"4.0\"><\/script><\/div>\n<div><\/div>\n<div><a title=\"Boka boende\" href=\"http:\/\/www.virserumsvandrarhem.se\/redigera-bokning\/\">Zarz\u0105dza\u0107 rezerwacje<\/a>.<\/div>\n<\/div><\/section>\n","protected":false},"excerpt":{"rendered":"","protected":false},"author":1,"featured_media":0,"parent":128,"menu_order":0,"comment_status":"open","ping_status":"closed","template":"","meta":{"footnotes":""},"yoast_head":"<!-- This site is optimized with the Yoast SEO plugin v18.0 - https:\/\/yoast.com\/wordpress\/plugins\/seo\/ -->\n<title>Dom wycieczkowy w sm\u00e5landii - noclegi w Virserum<\/title>\n<meta name=\"description\" content=\"Witamy do Virserum i nasz dom wycieczkowy w sm\u00e5landii. U nas mieszkasz tanio i wygodnie, w okolicy znajduje sie Swiat Astrid Lindgren i dobre w\u0119dkarstwo.\" \/>\n<meta name=\"robots\" content=\"index, follow, max-snippet:-1, max-image-preview:large, max-video-preview:-1\" \/>\n<link rel=\"canonical\" href=\"https:\/\/virserumsvandrarhem.se\/pl\/atrakcji-w-poblizu\/zapraszamy-do-virserums-vandrarhem\/\" \/>\n<meta property=\"og:locale\" content=\"pl_PL\" \/>\n<meta property=\"og:type\" content=\"article\" \/>\n<meta property=\"og:title\" content=\"Dom wycieczkowy w sm\u00e5landii - noclegi w Virserum\" \/>\n<meta property=\"og:description\" content=\"Witamy do Virserum i nasz dom wycieczkowy w sm\u00e5landii. U nas mieszkasz tanio i wygodnie, w okolicy znajduje sie Swiat Astrid Lindgren i dobre w\u0119dkarstwo.\" \/>\n<meta property=\"og:url\" content=\"https:\/\/virserumsvandrarhem.se\/pl\/atrakcji-w-poblizu\/zapraszamy-do-virserums-vandrarhem\/\" \/>\n<meta property=\"og:site_name\" content=\"Virserums Vandrarhem\" \/>\n<meta property=\"article:publisher\" content=\"http:\/\/www.facebook.com\/virserumsvandrarhem\" \/>\n<meta property=\"article:modified_time\" content=\"2024-07-03T19:03:45+00:00\" \/>\n<meta property=\"og:image\" content=\"http:\/\/www.virserumsvandrarhem.se\/wp-content\/uploads\/2014\/04\/IMG_20140503_102801-772x1030.jpg\" \/>\n<meta name=\"twitter:label1\" content=\"Szacowany czas czytania\" \/>\n\t<meta name=\"twitter:data1\" content=\"1 minuta\" \/>\n<script type=\"application\/ld+json\" class=\"yoast-schema-graph\">{\"@context\":\"https:\/\/schema.org\",\"@graph\":[{\"@type\":\"WebSite\",\"@id\":\"https:\/\/virserumsvandrarhem.se\/#website\",\"url\":\"https:\/\/virserumsvandrarhem.se\/\",\"name\":\"Virserums Vandrarhem\",\"description\":\"Ett vandrarhem i hj\u00e4rtat av Sm\u00e5land\",\"potentialAction\":[{\"@type\":\"SearchAction\",\"target\":{\"@type\":\"EntryPoint\",\"urlTemplate\":\"https:\/\/virserumsvandrarhem.se\/?s={search_term_string}\"},\"query-input\":\"required name=search_term_string\"}],\"inLanguage\":\"pl-PL\"},{\"@type\":\"WebPage\",\"@id\":\"https:\/\/virserumsvandrarhem.se\/pl\/atrakcji-w-poblizu\/zapraszamy-do-virserums-vandrarhem\/#webpage\",\"url\":\"https:\/\/virserumsvandrarhem.se\/pl\/atrakcji-w-poblizu\/zapraszamy-do-virserums-vandrarhem\/\",\"name\":\"Dom wycieczkowy w sm\u00e5landii - noclegi w Virserum\",\"isPartOf\":{\"@id\":\"https:\/\/virserumsvandrarhem.se\/#website\"},\"datePublished\":\"2014-02-12T15:14:25+00:00\",\"dateModified\":\"2024-07-03T19:03:45+00:00\",\"description\":\"Witamy do Virserum i nasz dom wycieczkowy w sm\u00e5landii. U nas mieszkasz tanio i wygodnie, w okolicy znajduje sie Swiat Astrid Lindgren i dobre w\u0119dkarstwo.\",\"breadcrumb\":{\"@id\":\"https:\/\/virserumsvandrarhem.se\/pl\/atrakcji-w-poblizu\/zapraszamy-do-virserums-vandrarhem\/#breadcrumb\"},\"inLanguage\":\"pl-PL\",\"potentialAction\":[{\"@type\":\"ReadAction\",\"target\":[\"https:\/\/virserumsvandrarhem.se\/pl\/atrakcji-w-poblizu\/zapraszamy-do-virserums-vandrarhem\/\"]}]},{\"@type\":\"BreadcrumbList\",\"@id\":\"https:\/\/virserumsvandrarhem.se\/pl\/atrakcji-w-poblizu\/zapraszamy-do-virserums-vandrarhem\/#breadcrumb\",\"itemListElement\":[{\"@type\":\"ListItem\",\"position\":1,\"name\":\"Home\",\"item\":\"https:\/\/virserumsvandrarhem.se\/upplev-virserum\/sample-page\/\"},{\"@type\":\"ListItem\",\"position\":2,\"name\":\"Atrakcje w poblizu\",\"item\":\"https:\/\/virserumsvandrarhem.se\/pl\/atrakcji-w-poblizu\/\"},{\"@type\":\"ListItem\",\"position\":3,\"name\":\"Zapraszamy do domu wycieczkowego w Virserum\"}]}]}<\/script>\n<!-- \/ Yoast SEO plugin. -->","yoast_head_json":{"title":"Dom wycieczkowy w sm\u00e5landii - noclegi w Virserum","description":"Witamy do Virserum i nasz dom wycieczkowy w sm\u00e5landii. U nas mieszkasz tanio i wygodnie, w okolicy znajduje sie Swiat Astrid Lindgren i dobre w\u0119dkarstwo.","robots":{"index":"index","follow":"follow","max-snippet":"max-snippet:-1","max-image-preview":"max-image-preview:large","max-video-preview":"max-video-preview:-1"},"canonical":"https:\/\/virserumsvandrarhem.se\/pl\/atrakcji-w-poblizu\/zapraszamy-do-virserums-vandrarhem\/","og_locale":"pl_PL","og_type":"article","og_title":"Dom wycieczkowy w sm\u00e5landii - noclegi w Virserum","og_description":"Witamy do Virserum i nasz dom wycieczkowy w sm\u00e5landii. U nas mieszkasz tanio i wygodnie, w okolicy znajduje sie Swiat Astrid Lindgren i dobre w\u0119dkarstwo.","og_url":"https:\/\/virserumsvandrarhem.se\/pl\/atrakcji-w-poblizu\/zapraszamy-do-virserums-vandrarhem\/","og_site_name":"Virserums Vandrarhem","article_publisher":"http:\/\/www.facebook.com\/virserumsvandrarhem","article_modified_time":"2024-07-03T19:03:45+00:00","og_image":[{"url":"http:\/\/www.virserumsvandrarhem.se\/wp-content\/uploads\/2014\/04\/IMG_20140503_102801-772x1030.jpg"}],"twitter_misc":{"Szacowany czas czytania":"1 minuta"},"schema":{"@context":"https:\/\/schema.org","@graph":[{"@type":"WebSite","@id":"https:\/\/virserumsvandrarhem.se\/#website","url":"https:\/\/virserumsvandrarhem.se\/","name":"Virserums Vandrarhem","description":"Ett vandrarhem i hj\u00e4rtat av Sm\u00e5land","potentialAction":[{"@type":"SearchAction","target":{"@type":"EntryPoint","urlTemplate":"https:\/\/virserumsvandrarhem.se\/?s={search_term_string}"},"query-input":"required name=search_term_string"}],"inLanguage":"pl-PL"},{"@type":"WebPage","@id":"https:\/\/virserumsvandrarhem.se\/pl\/atrakcji-w-poblizu\/zapraszamy-do-virserums-vandrarhem\/#webpage","url":"https:\/\/virserumsvandrarhem.se\/pl\/atrakcji-w-poblizu\/zapraszamy-do-virserums-vandrarhem\/","name":"Dom wycieczkowy w sm\u00e5landii - noclegi w Virserum","isPartOf":{"@id":"https:\/\/virserumsvandrarhem.se\/#website"},"datePublished":"2014-02-12T15:14:25+00:00","dateModified":"2024-07-03T19:03:45+00:00","description":"Witamy do Virserum i nasz dom wycieczkowy w sm\u00e5landii. U nas mieszkasz tanio i wygodnie, w okolicy znajduje sie Swiat Astrid Lindgren i dobre w\u0119dkarstwo.","breadcrumb":{"@id":"https:\/\/virserumsvandrarhem.se\/pl\/atrakcji-w-poblizu\/zapraszamy-do-virserums-vandrarhem\/#breadcrumb"},"inLanguage":"pl-PL","potentialAction":[{"@type":"ReadAction","target":["https:\/\/virserumsvandrarhem.se\/pl\/atrakcji-w-poblizu\/zapraszamy-do-virserums-vandrarhem\/"]}]},{"@type":"BreadcrumbList","@id":"https:\/\/virserumsvandrarhem.se\/pl\/atrakcji-w-poblizu\/zapraszamy-do-virserums-vandrarhem\/#breadcrumb","itemListElement":[{"@type":"ListItem","position":1,"name":"Home","item":"https:\/\/virserumsvandrarhem.se\/upplev-virserum\/sample-page\/"},{"@type":"ListItem","position":2,"name":"Atrakcje w poblizu","item":"https:\/\/virserumsvandrarhem.se\/pl\/atrakcji-w-poblizu\/"},{"@type":"ListItem","position":3,"name":"Zapraszamy do domu wycieczkowego w Virserum"}]}]}},"_links":{"self":[{"href":"https:\/\/virserumsvandrarhem.se\/pl\/wp-json\/wp\/v2\/pages\/119"}],"collection":[{"href":"https:\/\/virserumsvandrarhem.se\/pl\/wp-json\/wp\/v2\/pages"}],"about":[{"href":"https:\/\/virserumsvandrarhem.se\/pl\/wp-json\/wp\/v2\/types\/page"}],"author":[{"embeddable":true,"href":"https:\/\/virserumsvandrarhem.se\/pl\/wp-json\/wp\/v2\/users\/1"}],"replies":[{"embeddable":true,"href":"https:\/\/virserumsvandrarhem.se\/pl\/wp-json\/wp\/v2\/comments?post=119"}],"version-history":[{"count":8,"href":"https:\/\/virserumsvandrarhem.se\/pl\/wp-json\/wp\/v2\/pages\/119\/revisions"}],"predecessor-version":[{"id":915,"href":"https:\/\/virserumsvandrarhem.se\/pl\/wp-json\/wp\/v2\/pages\/119\/revisions\/915"}],"up":[{"embeddable":true,"href":"https:\/\/virserumsvandrarhem.se\/pl\/wp-json\/wp\/v2\/pages\/128"}],"wp:attachment":[{"href":"https:\/\/virserumsvandrarhem.se\/pl\/wp-json\/wp\/v2\/media?parent=119"}],"curies":[{"name":"wp","href":"https:\/\/api.w.org\/{rel}","templated":true}]}}