{"id":297,"date":"2014-05-14T12:25:45","date_gmt":"2014-05-14T11:25:45","guid":{"rendered":"http:\/\/www.virserumsvandrarhem.se\/?page_id=297"},"modified":"2014-07-08T12:30:43","modified_gmt":"2014-07-08T11:30:43","slug":"wedkarstwo-w-szwecji","status":"publish","type":"page","link":"https:\/\/virserumsvandrarhem.se\/pl\/atrakcji-w-poblizu\/wedkarstwo-w-szwecji\/","title":{"rendered":"W\u0119dkarstwo na jeziorach w Virserum &#8211; w\u0119dkarstwo w Szwecji"},"content":{"rendered":"<section  class='av_textblock_section av-av_textblock-ef589d11eb540df573eaf9159a1a4c5e '   itemscope=\"itemscope\" itemtype=\"https:\/\/schema.org\/CreativeWork\" ><div class='avia_textblock'  itemprop=\"text\" ><h2>Jezioro znane z sandaczy<\/h2>\n<p>Polecamy jezioro Hjortesj\u00f6n po\u0142o\u017cone zaraz na zach\u00f3d od Virserum, obok du\u017cego jeziora Virserumssj\u00f6n o tej samej nazwie co miejscowo\u015b\u0107 Virserum, z kt\u00f3rym si\u0119 nasze jezioro Hjortesj\u00f6n \u0142\u0105czy.<br \/>\nTrzy wyspy znajduj\u0105ce si\u0119 na jeziorze lez\u0105 we wschodnio-centralnej cz\u0119sci jeziora. Woda jest lekko br\u0105zowawa, jezioro otaczaj\u0105 gl\u00f3wnie lasy iglaste a od wschodu nawet las li\u015bciasty, brzegi jeziora s\u0105 kamieniste.<\/p>\n<p>W\u0119dkowanie z brzegu jest do\u015b\u0107 trudne, dlatego polecamy w\u0119dkowanie z \u0142odzi , za\u015b \u0142odzie s\u0105 mo\u017cliwe do wypo\u017cyczenia.<br \/>\nNajbardziej interesuj\u0105ce jest \u0142owienie sandaczy gdzie dobr\u0105 metod\u0105 okazuje sie ci\u0105gniecie woblera za \u0142odzi\u0105, wzd\u0142u\u017c stromizn g\u0142ebinowych, szczegolnie wieczorem i po poranku.<br \/>\nW\u0142asciwymi kolorami wobler\u00f3w na sandacze s\u0105 woblery o kolorach krzykliwych typu czerwony, zo\u0142ty,bia\u0142y i zielony, ch\u0119tnie woblery z kulkami jakie sprawiaj\u0105 wra\u017cenie dzwi\u0119ku pod wod\u0105.<\/p>\n<p>W jeziorze wy\u0142awiane s\u0105 regularnie sandacze ponad 5 kilogramowe.\u00a0Ostatnie &#8222;uwalnianie&#8221; sandaczy z jeziora zrobiono w 2009 roku.<\/p>\n<h2>Najlepszym miejscem do \u0142owienia sandaczy<\/h2>\n<p>Najlepszym miejscem do \u0142owienia sandaczy jest \u0142owisko znajduj\u0105ce si\u0119 mi\u0119dzy dwoma najwi\u0119kszymi wyspami oraz w po\u0142nocno-zachodniej cz\u0119\u015bci jeziora.\u00a0Ponadto w jeziorze jest du\u017co szczupak\u00f3w, najlepszym miejscem na szczupaki jest zatoczka przy miejscowo\u015bci M\u00f6rtefors oraz przy po\u0142udniowym wybrze\u017cu, gdzie s\u0105 spore spadki g\u0142\u0119boko\u015bci.<\/p>\n<p>Najmniejsza d\u0142ugo\u015b\u0107 wy\u0142owionego sandacza czy szczupaka to 40 cm, dopuszczalna ilo\u015b\u0107 sandaczy czy szczupak\u00f3w to 3 sztuki na dob\u0119.<\/p>\n<p>Dopuszczalne jest ci\u0105gni\u0119cie za \u0142odzia przyn\u0119ty. Z racji du\u017cego zainteresowania w\u0119dkarstwem i nie za du\u017cej wielko\u015bci samego jeziora &#8211; prosimy o u\u017cywanie maksymalnie 4 w\u0119dek na jedn\u0105 \u0142\u00f3d\u017a.<br \/>\nSandacz zawini\u0119ty w foli\u0119 najlepiej smakuje grilowany nad samym jeziorem, co pozostawi niezapomniane wspomnienia.<\/p>\n<p>Odlego\u015b\u0107 z pensjonatu\/domu turysty do innych w regionie znanych jezior z sandaczy jest nast\u0119puj\u0105ca:<br \/>\ndo Rusken (miejscowo\u015b\u0107 typ Nydala) 120 km<br \/>\ndo N\u00f6mmen (miejscowo\u015b\u0107 typ Bj\u00f6rk\u00f6by) 55 km<\/p>\n<p>Zapraszamy do <strong>w\u0119dkarstwo w szwecji<\/strong>\u00a0i do korzystania z nowej i taniej bazy noclegowej w dobrych warunkach!<\/p>\n<\/div><\/section>\n<div  class='flex_column av-av_one_half-2a9015ff38129c418a3f2eafba3e9512 av_one_half  avia-builder-el-1  el_after_av_textblock  el_before_av_one_half  first flex_column_div  column-top-margin'     ><div  class='avia-icon-list-container av-av_iconlist-e4a0ebdf966f1bea8883e87bb95dffd6  avia-builder-el-2  avia-builder-el-no-sibling '><ul class='avia-icon-list avia_animate_when_almost_visible avia-icon-list-left av-iconlist-big av-av_iconlist-e4a0ebdf966f1bea8883e87bb95dffd6 avia-iconlist-animate'>\n<li><div class='iconlist_icon av-av_iconlist_item-65282c62c41d07f18fdb06fc5d1fe831 avia-font-'><span class='iconlist-char' aria-hidden='true' data-av_icon='' data-av_iconfont='entypo-fontello'><\/span><\/div><article class=\"article-icon-entry \"  itemscope=\"itemscope\" itemtype=\"https:\/\/schema.org\/CreativeWork\" ><div class=\"iconlist_content_wrap\"><header class=\"entry-content-header\"><h4 class='av_iconlist_title iconlist_title  '  itemprop=\"headline\" >Znajd\u017a tam<\/h4><\/header><div class='iconlist_content '  itemprop=\"text\" ><p><a href=\"https:\/\/www.google.se\/maps\/place\/Virserumssj%C3%B6n\/@57.3131746,15.5654143,15z\/data=!3m1!4b1!4m2!3m1!1s0x46577b80f81dccf1:0xf2e9008453b10a68\">Virserumssj\u00f6n<\/a><\/p>\n<\/div><\/div><footer class=\"entry-footer\"><\/footer><\/article><div class=\"iconlist-timeline\"><\/div><\/li>\n<li><div class='iconlist_icon av-av_iconlist_item-7e6f1b9f734e89f21f0968d076f99d2d avia-font-'><span class='iconlist-char' aria-hidden='true' data-av_icon='' data-av_iconfont='entypo-fontello'><\/span><\/div><article class=\"article-icon-entry \"  itemscope=\"itemscope\" itemtype=\"https:\/\/schema.org\/CreativeWork\" ><div class=\"iconlist_content_wrap\"><header class=\"entry-content-header\"><h4 class='av_iconlist_title iconlist_title  '  itemprop=\"headline\" >Czas podr\u00f3\u017cy<\/h4><\/header><div class='iconlist_content '  itemprop=\"text\" ><p>5 minut<\/p>\n<\/div><\/div><footer class=\"entry-footer\"><\/footer><\/article><div class=\"iconlist-timeline\"><\/div><\/li>\n<li><div class='iconlist_icon av-av_iconlist_item-79d9580bc864661e95e8a3529128b329 avia-font-'><span class='iconlist-char' aria-hidden='true' data-av_icon='' data-av_iconfont='entypo-fontello'><\/span><\/div><article class=\"article-icon-entry \"  itemscope=\"itemscope\" itemtype=\"https:\/\/schema.org\/CreativeWork\" ><div class=\"iconlist_content_wrap\"><header class=\"entry-content-header\"><h4 class='av_iconlist_title iconlist_title  '  itemprop=\"headline\" >Jezioro \"Virserumssj\u00f6n\" w internecie<\/h4><\/header><div class='iconlist_content '  itemprop=\"text\" ><p><a title=\"Virserumssj\u00f6n\" href=\"http:\/\/www.hultsfred.se\/artikel\/virserumssjon-virserum\/\">Virserumssj\u00f6n<\/a><\/p>\n<p>(po szwedzku)<\/p>\n<\/div><\/div><footer class=\"entry-footer\"><\/footer><\/article><div class=\"iconlist-timeline\"><\/div><\/li>\n<\/ul><\/div><\/div>\n<div  class='flex_column av-av_one_half-dd31638aafc3fb25e0b722912f5ccaa5 av_one_half  avia-builder-el-3  el_after_av_one_half  avia-builder-el-last  flex_column_div  column-top-margin'     ><style type=\"text\/css\" data-created_by=\"avia_inline_auto\" id=\"style-css-av-av_image-c25170668b1d1622dbd12f8f009a4864\">\n.avia-image-container.av-av_image-c25170668b1d1622dbd12f8f009a4864 img.avia_image{\nbox-shadow:none;\n}\n.avia-image-container.av-av_image-c25170668b1d1622dbd12f8f009a4864 .av-image-caption-overlay-center{\ncolor:#ffffff;\n}\n<\/style>\n<div  class='avia-image-container av-av_image-c25170668b1d1622dbd12f8f009a4864 av-styling- avia-align-center  avia-builder-el-4  avia-builder-el-no-sibling '   itemprop=\"image\" itemscope=\"itemscope\" itemtype=\"https:\/\/schema.org\/ImageObject\" ><div class=\"avia-image-container-inner\"><div class=\"avia-image-overlay-wrap\"><img decoding=\"async\" width=\"300\" height=\"231\" fetchpriority=\"high\" class='wp-image-804 avia-img-lazy-loading-not-804 avia_image ' src=\"http:\/\/www.virserumsvandrarhem.se\/wp-content\/uploads\/2014\/05\/IMG_20130526_061313-e1400066328880-300x231.jpg\" alt='' title='W\u0119dkarstwo na jeziorach w Virserum'   itemprop=\"thumbnailUrl\" srcset=\"https:\/\/virserumsvandrarhem.se\/wp-content\/uploads\/2014\/05\/IMG_20130526_061313-e1400066328880-300x231.jpg 300w, https:\/\/virserumsvandrarhem.se\/wp-content\/uploads\/2014\/05\/IMG_20130526_061313-e1400066328880-600x463.jpg 600w, https:\/\/virserumsvandrarhem.se\/wp-content\/uploads\/2014\/05\/IMG_20130526_061313-e1400066328880-450x347.jpg 450w, https:\/\/virserumsvandrarhem.se\/wp-content\/uploads\/2014\/05\/IMG_20130526_061313-e1400066328880.jpg 669w\" sizes=\"(max-width: 300px) 100vw, 300px\" \/><\/div><\/div><\/div><\/div>\n","protected":false},"excerpt":{"rendered":"","protected":false},"author":1,"featured_media":0,"parent":128,"menu_order":0,"comment_status":"open","ping_status":"open","template":"","meta":{"footnotes":""},"yoast_head":"<!-- This site is optimized with the Yoast SEO plugin v18.0 - https:\/\/yoast.com\/wordpress\/plugins\/seo\/ -->\n<title>w\u0119dkarstwo w szwecji<\/title>\n<meta name=\"description\" content=\"W\u0119dkarstwo w szwecji. Jezioro Hjortesj\u00f6n, znane z sandaczy, po\u0142o\u017cone zaraz na zach\u00f3d od Virserum! Nocleg za 240SEK od osoby, witamy na w\u0119dkarstwo w szwecji.\" \/>\n<meta name=\"robots\" content=\"index, follow, max-snippet:-1, max-image-preview:large, max-video-preview:-1\" \/>\n<link rel=\"canonical\" href=\"https:\/\/virserumsvandrarhem.se\/pl\/atrakcji-w-poblizu\/wedkarstwo-w-szwecji\/\" \/>\n<meta property=\"og:locale\" content=\"pl_PL\" \/>\n<meta property=\"og:type\" content=\"article\" \/>\n<meta property=\"og:title\" content=\"w\u0119dkarstwo w szwecji\" \/>\n<meta property=\"og:description\" content=\"W\u0119dkarstwo w szwecji. Jezioro Hjortesj\u00f6n, znane z sandaczy, po\u0142o\u017cone zaraz na zach\u00f3d od Virserum! Nocleg za 240SEK od osoby, witamy na w\u0119dkarstwo w szwecji.\" \/>\n<meta property=\"og:url\" content=\"https:\/\/virserumsvandrarhem.se\/pl\/atrakcji-w-poblizu\/wedkarstwo-w-szwecji\/\" \/>\n<meta property=\"og:site_name\" content=\"Virserums Vandrarhem\" \/>\n<meta property=\"article:publisher\" content=\"http:\/\/www.facebook.com\/virserumsvandrarhem\" \/>\n<meta property=\"article:modified_time\" content=\"2014-07-08T11:30:43+00:00\" \/>\n<meta property=\"og:image\" content=\"http:\/\/www.virserumsvandrarhem.se\/wp-content\/uploads\/2014\/04\/IMG_20140503_102801-772x1030.jpg\" \/>\n<meta name=\"twitter:label1\" content=\"Szacowany czas czytania\" \/>\n\t<meta name=\"twitter:data1\" content=\"2 minuty\" \/>\n<script type=\"application\/ld+json\" class=\"yoast-schema-graph\">{\"@context\":\"https:\/\/schema.org\",\"@graph\":[{\"@type\":\"WebSite\",\"@id\":\"https:\/\/virserumsvandrarhem.se\/#website\",\"url\":\"https:\/\/virserumsvandrarhem.se\/\",\"name\":\"Virserums Vandrarhem\",\"description\":\"Ett vandrarhem i hj\u00e4rtat av Sm\u00e5land\",\"potentialAction\":[{\"@type\":\"SearchAction\",\"target\":{\"@type\":\"EntryPoint\",\"urlTemplate\":\"https:\/\/virserumsvandrarhem.se\/?s={search_term_string}\"},\"query-input\":\"required name=search_term_string\"}],\"inLanguage\":\"pl-PL\"},{\"@type\":\"WebPage\",\"@id\":\"https:\/\/virserumsvandrarhem.se\/pl\/atrakcji-w-poblizu\/wedkarstwo-w-szwecji\/#webpage\",\"url\":\"https:\/\/virserumsvandrarhem.se\/pl\/atrakcji-w-poblizu\/wedkarstwo-w-szwecji\/\",\"name\":\"w\u0119dkarstwo w szwecji\",\"isPartOf\":{\"@id\":\"https:\/\/virserumsvandrarhem.se\/#website\"},\"datePublished\":\"2014-05-14T11:25:45+00:00\",\"dateModified\":\"2014-07-08T11:30:43+00:00\",\"description\":\"W\u0119dkarstwo w szwecji. Jezioro Hjortesj\u00f6n, znane z sandaczy, po\u0142o\u017cone zaraz na zach\u00f3d od Virserum! Nocleg za 240SEK od osoby, witamy na w\u0119dkarstwo w szwecji.\",\"breadcrumb\":{\"@id\":\"https:\/\/virserumsvandrarhem.se\/pl\/atrakcji-w-poblizu\/wedkarstwo-w-szwecji\/#breadcrumb\"},\"inLanguage\":\"pl-PL\",\"potentialAction\":[{\"@type\":\"ReadAction\",\"target\":[\"https:\/\/virserumsvandrarhem.se\/pl\/atrakcji-w-poblizu\/wedkarstwo-w-szwecji\/\"]}]},{\"@type\":\"BreadcrumbList\",\"@id\":\"https:\/\/virserumsvandrarhem.se\/pl\/atrakcji-w-poblizu\/wedkarstwo-w-szwecji\/#breadcrumb\",\"itemListElement\":[{\"@type\":\"ListItem\",\"position\":1,\"name\":\"Home\",\"item\":\"https:\/\/virserumsvandrarhem.se\/upplev-virserum\/sample-page\/\"},{\"@type\":\"ListItem\",\"position\":2,\"name\":\"Atrakcje w poblizu\",\"item\":\"https:\/\/virserumsvandrarhem.se\/pl\/atrakcji-w-poblizu\/\"},{\"@type\":\"ListItem\",\"position\":3,\"name\":\"W\u0119dkarstwo na jeziorach w Virserum &#8211; w\u0119dkarstwo w Szwecji\"}]}]}<\/script>\n<!-- \/ Yoast SEO plugin. -->","yoast_head_json":{"title":"w\u0119dkarstwo w szwecji","description":"W\u0119dkarstwo w szwecji. Jezioro Hjortesj\u00f6n, znane z sandaczy, po\u0142o\u017cone zaraz na zach\u00f3d od Virserum! Nocleg za 240SEK od osoby, witamy na w\u0119dkarstwo w szwecji.","robots":{"index":"index","follow":"follow","max-snippet":"max-snippet:-1","max-image-preview":"max-image-preview:large","max-video-preview":"max-video-preview:-1"},"canonical":"https:\/\/virserumsvandrarhem.se\/pl\/atrakcji-w-poblizu\/wedkarstwo-w-szwecji\/","og_locale":"pl_PL","og_type":"article","og_title":"w\u0119dkarstwo w szwecji","og_description":"W\u0119dkarstwo w szwecji. Jezioro Hjortesj\u00f6n, znane z sandaczy, po\u0142o\u017cone zaraz na zach\u00f3d od Virserum! Nocleg za 240SEK od osoby, witamy na w\u0119dkarstwo w szwecji.","og_url":"https:\/\/virserumsvandrarhem.se\/pl\/atrakcji-w-poblizu\/wedkarstwo-w-szwecji\/","og_site_name":"Virserums Vandrarhem","article_publisher":"http:\/\/www.facebook.com\/virserumsvandrarhem","article_modified_time":"2014-07-08T11:30:43+00:00","og_image":[{"url":"http:\/\/www.virserumsvandrarhem.se\/wp-content\/uploads\/2014\/04\/IMG_20140503_102801-772x1030.jpg"}],"twitter_misc":{"Szacowany czas czytania":"2 minuty"},"schema":{"@context":"https:\/\/schema.org","@graph":[{"@type":"WebSite","@id":"https:\/\/virserumsvandrarhem.se\/#website","url":"https:\/\/virserumsvandrarhem.se\/","name":"Virserums Vandrarhem","description":"Ett vandrarhem i hj\u00e4rtat av Sm\u00e5land","potentialAction":[{"@type":"SearchAction","target":{"@type":"EntryPoint","urlTemplate":"https:\/\/virserumsvandrarhem.se\/?s={search_term_string}"},"query-input":"required name=search_term_string"}],"inLanguage":"pl-PL"},{"@type":"WebPage","@id":"https:\/\/virserumsvandrarhem.se\/pl\/atrakcji-w-poblizu\/wedkarstwo-w-szwecji\/#webpage","url":"https:\/\/virserumsvandrarhem.se\/pl\/atrakcji-w-poblizu\/wedkarstwo-w-szwecji\/","name":"w\u0119dkarstwo w szwecji","isPartOf":{"@id":"https:\/\/virserumsvandrarhem.se\/#website"},"datePublished":"2014-05-14T11:25:45+00:00","dateModified":"2014-07-08T11:30:43+00:00","description":"W\u0119dkarstwo w szwecji. Jezioro Hjortesj\u00f6n, znane z sandaczy, po\u0142o\u017cone zaraz na zach\u00f3d od Virserum! Nocleg za 240SEK od osoby, witamy na w\u0119dkarstwo w szwecji.","breadcrumb":{"@id":"https:\/\/virserumsvandrarhem.se\/pl\/atrakcji-w-poblizu\/wedkarstwo-w-szwecji\/#breadcrumb"},"inLanguage":"pl-PL","potentialAction":[{"@type":"ReadAction","target":["https:\/\/virserumsvandrarhem.se\/pl\/atrakcji-w-poblizu\/wedkarstwo-w-szwecji\/"]}]},{"@type":"BreadcrumbList","@id":"https:\/\/virserumsvandrarhem.se\/pl\/atrakcji-w-poblizu\/wedkarstwo-w-szwecji\/#breadcrumb","itemListElement":[{"@type":"ListItem","position":1,"name":"Home","item":"https:\/\/virserumsvandrarhem.se\/upplev-virserum\/sample-page\/"},{"@type":"ListItem","position":2,"name":"Atrakcje w poblizu","item":"https:\/\/virserumsvandrarhem.se\/pl\/atrakcji-w-poblizu\/"},{"@type":"ListItem","position":3,"name":"W\u0119dkarstwo na jeziorach w Virserum &#8211; w\u0119dkarstwo w Szwecji"}]}]}},"_links":{"self":[{"href":"https:\/\/virserumsvandrarhem.se\/pl\/wp-json\/wp\/v2\/pages\/297"}],"collection":[{"href":"https:\/\/virserumsvandrarhem.se\/pl\/wp-json\/wp\/v2\/pages"}],"about":[{"href":"https:\/\/virserumsvandrarhem.se\/pl\/wp-json\/wp\/v2\/types\/page"}],"author":[{"embeddable":true,"href":"https:\/\/virserumsvandrarhem.se\/pl\/wp-json\/wp\/v2\/users\/1"}],"replies":[{"embeddable":true,"href":"https:\/\/virserumsvandrarhem.se\/pl\/wp-json\/wp\/v2\/comments?post=297"}],"version-history":[{"count":7,"href":"https:\/\/virserumsvandrarhem.se\/pl\/wp-json\/wp\/v2\/pages\/297\/revisions"}],"predecessor-version":[{"id":374,"href":"https:\/\/virserumsvandrarhem.se\/pl\/wp-json\/wp\/v2\/pages\/297\/revisions\/374"}],"up":[{"embeddable":true,"href":"https:\/\/virserumsvandrarhem.se\/pl\/wp-json\/wp\/v2\/pages\/128"}],"wp:attachment":[{"href":"https:\/\/virserumsvandrarhem.se\/pl\/wp-json\/wp\/v2\/media?parent=297"}],"curies":[{"name":"wp","href":"https:\/\/api.w.org\/{rel}","templated":true}]}}